{"id":539,"date":"2021-03-08T08:20:43","date_gmt":"2021-03-08T08:20:43","guid":{"rendered":"https:\/\/www.anvil.com.tr\/?post_type=product&#038;p=539"},"modified":"2021-03-08T09:21:28","modified_gmt":"2021-03-08T09:21:28","slug":"mrmp06","status":"publish","type":"product","link":"https:\/\/www.anvil.com.tr\/en\/urun\/mrmp06\/","title":{"rendered":"MRMP06"},"content":{"rendered":"<p>half-star knife<\/p>\n<p>\u00d6l\u00e7\u00fcler (mm): 14x18x23,8 &#8211; R 9 \/ R 1 mm<\/p>\n<div id=\"simple-translate\">\n<div>\n<div class=\"simple-translate-button isShow\" style=\"background-image: url('moz-extension:\/\/d7852717-9a71-4203-9acc-3927054c0870\/icons\/512.png'); height: 22px; width: 22px; top: 93px; left: 295px;\"><\/div>\n<div class=\"simple-translate-panel \" style=\"width: 300px; height: 200px; top: 0px; left: 0px; font-size: 13px; background-color: #ffffff;\">\n<div class=\"simple-translate-result-wrapper\" style=\"overflow: hidden;\">\n<div class=\"simple-translate-move\" draggable=\"true\"><\/div>\n<div class=\"simple-translate-result-contents\">\n<p class=\"simple-translate-candidate\" style=\"color: #737373;\">\n<\/div>\n<\/div>\n<\/div>\n<\/div>\n<\/div>\n","protected":false},"excerpt":{"rendered":"<p>half-star knife \u00d6l\u00e7\u00fcler (mm): 14x18x23,8 &#8211; R 9 \/ R 1 mm<\/p>\n","protected":false},"featured_media":540,"comment_status":"open","ping_status":"closed","template":"","meta":{"inline_featured_image":false},"product_cat":[39],"product_tag":[],"yoast_head":"<!-- This site is optimized with the Yoast SEO plugin v21.5 - https:\/\/yoast.com\/wordpress\/plugins\/seo\/ -->\n<title>MRMP06 | ANVIL<\/title>\n<meta name=\"robots\" content=\"index, follow, max-snippet:-1, max-image-preview:large, max-video-preview:-1\" \/>\n<link rel=\"canonical\" href=\"https:\/\/www.anvil.com.tr\/urun\/mrmp06\/\" \/>\n<meta property=\"og:locale\" content=\"en_US\" \/>\n<meta property=\"og:type\" content=\"article\" \/>\n<meta property=\"og:title\" content=\"MRMP06 | ANVIL\" \/>\n<meta property=\"og:description\" content=\"half-star knife \u00d6l\u00e7\u00fcler (mm): 14x18x23,8 &#8211; R 9 \/ R 1 mm\" \/>\n<meta property=\"og:url\" content=\"https:\/\/www.anvil.com.tr\/urun\/mrmp06\/\" \/>\n<meta property=\"og:site_name\" content=\"ANVIL\" \/>\n<meta property=\"article:modified_time\" content=\"2021-03-08T09:21:28+00:00\" \/>\n<meta property=\"og:image\" content=\"https:\/\/www.anvil.com.tr\/wp-content\/uploads\/2021\/03\/HS-1008-7R-1.jpg\" \/>\n\t<meta property=\"og:image:width\" content=\"2000\" \/>\n\t<meta property=\"og:image:height\" content=\"2000\" \/>\n\t<meta property=\"og:image:type\" content=\"image\/jpeg\" \/>\n<meta name=\"twitter:card\" content=\"summary_large_image\" \/>\n<meta name=\"twitter:label1\" content=\"Est. reading time\" \/>\n\t<meta name=\"twitter:data1\" content=\"1 minute\" \/>\n<script type=\"application\/ld+json\" class=\"yoast-schema-graph\">{\"@context\":\"https:\/\/schema.org\",\"@graph\":[{\"@type\":\"WebPage\",\"@id\":\"https:\/\/www.anvil.com.tr\/urun\/mrmp06\/\",\"url\":\"https:\/\/www.anvil.com.tr\/urun\/mrmp06\/\",\"name\":\"MRMP06 | ANVIL\",\"isPartOf\":{\"@id\":\"https:\/\/www.anvil.com.tr\/#website\"},\"datePublished\":\"2021-03-08T08:20:43+00:00\",\"dateModified\":\"2021-03-08T09:21:28+00:00\",\"breadcrumb\":{\"@id\":\"https:\/\/www.anvil.com.tr\/urun\/mrmp06\/#breadcrumb\"},\"inLanguage\":\"en-US\",\"potentialAction\":[{\"@type\":\"ReadAction\",\"target\":[\"https:\/\/www.anvil.com.tr\/urun\/mrmp06\/\"]}]},{\"@type\":\"BreadcrumbList\",\"@id\":\"https:\/\/www.anvil.com.tr\/urun\/mrmp06\/#breadcrumb\",\"itemListElement\":[{\"@type\":\"ListItem\",\"position\":1,\"name\":\"Ana sayfa\",\"item\":\"https:\/\/www.anvil.com.tr\/en\/\"},{\"@type\":\"ListItem\",\"position\":2,\"name\":\"\u00dcr\u00fcnler\",\"item\":\"https:\/\/www.anvil.com.tr\/urunler\/\"},{\"@type\":\"ListItem\",\"position\":3,\"name\":\"MRMP06\"}]},{\"@type\":\"WebSite\",\"@id\":\"https:\/\/www.anvil.com.tr\/#website\",\"url\":\"https:\/\/www.anvil.com.tr\/\",\"name\":\"ANVIL\",\"description\":\"M\u00fchendislik &amp; Dan\u0131\u015fmanl\u0131k Limited \u015eirketi\",\"publisher\":{\"@id\":\"https:\/\/www.anvil.com.tr\/#organization\"},\"potentialAction\":[{\"@type\":\"SearchAction\",\"target\":{\"@type\":\"EntryPoint\",\"urlTemplate\":\"https:\/\/www.anvil.com.tr\/?s={search_term_string}\"},\"query-input\":\"required name=search_term_string\"}],\"inLanguage\":\"en-US\"},{\"@type\":\"Organization\",\"@id\":\"https:\/\/www.anvil.com.tr\/#organization\",\"name\":\"Teknik Pres Lazer Kesim San. ve Tic. Ltd. \u015eti.\",\"url\":\"https:\/\/www.anvil.com.tr\/\",\"logo\":{\"@type\":\"ImageObject\",\"inLanguage\":\"en-US\",\"@id\":\"https:\/\/www.anvil.com.tr\/#\/schema\/logo\/image\/\",\"url\":\"\",\"contentUrl\":\"\",\"caption\":\"Teknik Pres Lazer Kesim San. ve Tic. Ltd. \u015eti.\"},\"image\":{\"@id\":\"https:\/\/www.anvil.com.tr\/#\/schema\/logo\/image\/\"}}]}<\/script>\n<!-- \/ Yoast SEO plugin. -->","yoast_head_json":{"title":"MRMP06 | ANVIL","robots":{"index":"index","follow":"follow","max-snippet":"max-snippet:-1","max-image-preview":"max-image-preview:large","max-video-preview":"max-video-preview:-1"},"canonical":"https:\/\/www.anvil.com.tr\/urun\/mrmp06\/","og_locale":"en_US","og_type":"article","og_title":"MRMP06 | ANVIL","og_description":"half-star knife \u00d6l\u00e7\u00fcler (mm): 14x18x23,8 &#8211; R 9 \/ R 1 mm","og_url":"https:\/\/www.anvil.com.tr\/urun\/mrmp06\/","og_site_name":"ANVIL","article_modified_time":"2021-03-08T09:21:28+00:00","og_image":[{"width":2000,"height":2000,"url":"https:\/\/www.anvil.com.tr\/wp-content\/uploads\/2021\/03\/HS-1008-7R-1.jpg","type":"image\/jpeg"}],"twitter_card":"summary_large_image","twitter_misc":{"Est. reading time":"1 minute"},"schema":{"@context":"https:\/\/schema.org","@graph":[{"@type":"WebPage","@id":"https:\/\/www.anvil.com.tr\/urun\/mrmp06\/","url":"https:\/\/www.anvil.com.tr\/urun\/mrmp06\/","name":"MRMP06 | ANVIL","isPartOf":{"@id":"https:\/\/www.anvil.com.tr\/#website"},"datePublished":"2021-03-08T08:20:43+00:00","dateModified":"2021-03-08T09:21:28+00:00","breadcrumb":{"@id":"https:\/\/www.anvil.com.tr\/urun\/mrmp06\/#breadcrumb"},"inLanguage":"en-US","potentialAction":[{"@type":"ReadAction","target":["https:\/\/www.anvil.com.tr\/urun\/mrmp06\/"]}]},{"@type":"BreadcrumbList","@id":"https:\/\/www.anvil.com.tr\/urun\/mrmp06\/#breadcrumb","itemListElement":[{"@type":"ListItem","position":1,"name":"Ana sayfa","item":"https:\/\/www.anvil.com.tr\/en\/"},{"@type":"ListItem","position":2,"name":"\u00dcr\u00fcnler","item":"https:\/\/www.anvil.com.tr\/urunler\/"},{"@type":"ListItem","position":3,"name":"MRMP06"}]},{"@type":"WebSite","@id":"https:\/\/www.anvil.com.tr\/#website","url":"https:\/\/www.anvil.com.tr\/","name":"ANVIL","description":"M\u00fchendislik &amp; Dan\u0131\u015fmanl\u0131k Limited \u015eirketi","publisher":{"@id":"https:\/\/www.anvil.com.tr\/#organization"},"potentialAction":[{"@type":"SearchAction","target":{"@type":"EntryPoint","urlTemplate":"https:\/\/www.anvil.com.tr\/?s={search_term_string}"},"query-input":"required name=search_term_string"}],"inLanguage":"en-US"},{"@type":"Organization","@id":"https:\/\/www.anvil.com.tr\/#organization","name":"Teknik Pres Lazer Kesim San. ve Tic. Ltd. \u015eti.","url":"https:\/\/www.anvil.com.tr\/","logo":{"@type":"ImageObject","inLanguage":"en-US","@id":"https:\/\/www.anvil.com.tr\/#\/schema\/logo\/image\/","url":"","contentUrl":"","caption":"Teknik Pres Lazer Kesim San. ve Tic. Ltd. \u015eti."},"image":{"@id":"https:\/\/www.anvil.com.tr\/#\/schema\/logo\/image\/"}}]}},"_links":{"self":[{"href":"https:\/\/www.anvil.com.tr\/en\/wp-json\/wp\/v2\/product\/539"}],"collection":[{"href":"https:\/\/www.anvil.com.tr\/en\/wp-json\/wp\/v2\/product"}],"about":[{"href":"https:\/\/www.anvil.com.tr\/en\/wp-json\/wp\/v2\/types\/product"}],"replies":[{"embeddable":true,"href":"https:\/\/www.anvil.com.tr\/en\/wp-json\/wp\/v2\/comments?post=539"}],"wp:featuredmedia":[{"embeddable":true,"href":"https:\/\/www.anvil.com.tr\/en\/wp-json\/wp\/v2\/media\/540"}],"wp:attachment":[{"href":"https:\/\/www.anvil.com.tr\/en\/wp-json\/wp\/v2\/media?parent=539"}],"wp:term":[{"taxonomy":"product_cat","embeddable":true,"href":"https:\/\/www.anvil.com.tr\/en\/wp-json\/wp\/v2\/product_cat?post=539"},{"taxonomy":"product_tag","embeddable":true,"href":"https:\/\/www.anvil.com.tr\/en\/wp-json\/wp\/v2\/product_tag?post=539"}],"curies":[{"name":"wp","href":"https:\/\/api.w.org\/{rel}","templated":true}]}}