{"id":415,"date":"2020-10-29T12:10:58","date_gmt":"2020-10-29T12:10:58","guid":{"rendered":"https:\/\/www.anvil.com.tr\/?post_type=product&#038;p=415"},"modified":"2020-10-29T12:12:18","modified_gmt":"2020-10-29T12:12:18","slug":"yari-otomatik-dolum-sistemleri","status":"publish","type":"product","link":"https:\/\/www.anvil.com.tr\/en\/urun\/yari-otomatik-dolum-sistemleri\/","title":{"rendered":"Yar\u0131 Otomatik Dolum Sistemleri"},"content":{"rendered":"<p>\u00c7e\u015fitli end\u00fcstriler i\u00e7in yar\u0131 otomatik, esnek dolum sistemleri. Ekipmana g\u00f6re, t\u00fcm s\u0131v\u0131lar do\u011fru bir \u015fekilde tart\u0131labilir, hassas \u015fekilde dozajlanabilir ve doldurulabilir: \u00d6zel iltimas gerektirmeyen \u00fcr\u00fcnlerden, yan\u0131c\u0131, k\u00f6p\u00fckl\u00fc veya a\u015f\u0131nd\u0131r\u0131c\u0131 \u00fcr\u00fcnlere kadar.<\/p>\n","protected":false},"excerpt":{"rendered":"<h1 class=\"headline\">\u00c7e\u015fitli end\u00fcstriler i\u00e7in yar\u0131 otomatik, esnek dolum sistemleri. Ekipmana g\u00f6re, t\u00fcm s\u0131v\u0131lar do\u011fru bir \u015fekilde tart\u0131labilir, hassas \u015fekilde dozajlanabilir ve doldurulabilir: \u00d6zel iltimas gerektirmeyen \u00fcr\u00fcnlerden, yan\u0131c\u0131, k\u00f6p\u00fckl\u00fc veya a\u015f\u0131nd\u0131r\u0131c\u0131 \u00fcr\u00fcnlere kadar.<\/h1>\n","protected":false},"featured_media":416,"comment_status":"open","ping_status":"closed","template":"","meta":{"inline_featured_image":false},"product_cat":[26],"product_tag":[],"yoast_head":"<!-- This site is optimized with the Yoast SEO plugin v21.5 - https:\/\/yoast.com\/wordpress\/plugins\/seo\/ -->\n<title>Yar\u0131 Otomatik Dolum Sistemleri | ANVIL<\/title>\n<meta name=\"robots\" content=\"index, follow, max-snippet:-1, max-image-preview:large, max-video-preview:-1\" \/>\n<link rel=\"canonical\" href=\"https:\/\/www.anvil.com.tr\/urun\/yari-otomatik-dolum-sistemleri\/\" \/>\n<meta property=\"og:locale\" content=\"en_US\" \/>\n<meta property=\"og:type\" content=\"article\" \/>\n<meta property=\"og:title\" content=\"Yar\u0131 Otomatik Dolum Sistemleri | ANVIL\" \/>\n<meta property=\"og:description\" content=\"\u00c7e\u015fitli end\u00fcstriler i\u00e7in yar\u0131 otomatik, esnek dolum sistemleri. Ekipmana g\u00f6re, t\u00fcm s\u0131v\u0131lar do\u011fru bir \u015fekilde tart\u0131labilir, hassas \u015fekilde dozajlanabilir ve doldurulabilir: \u00d6zel iltimas gerektirmeyen \u00fcr\u00fcnlerden, yan\u0131c\u0131, k\u00f6p\u00fckl\u00fc veya a\u015f\u0131nd\u0131r\u0131c\u0131 \u00fcr\u00fcnlere kadar.\" \/>\n<meta property=\"og:url\" content=\"https:\/\/www.anvil.com.tr\/urun\/yari-otomatik-dolum-sistemleri\/\" \/>\n<meta property=\"og:site_name\" content=\"ANVIL\" \/>\n<meta property=\"article:modified_time\" content=\"2020-10-29T12:12:18+00:00\" \/>\n<meta property=\"og:image\" content=\"https:\/\/www.anvil.com.tr\/wp-content\/uploads\/2020\/10\/fsl_pro_s_can_pail_persp_front_image_w440_h360_retina-1.jpg\" \/>\n\t<meta property=\"og:image:width\" content=\"880\" \/>\n\t<meta property=\"og:image:height\" content=\"720\" \/>\n\t<meta property=\"og:image:type\" content=\"image\/jpeg\" \/>\n<meta name=\"twitter:card\" content=\"summary_large_image\" \/>\n<script type=\"application\/ld+json\" class=\"yoast-schema-graph\">{\"@context\":\"https:\/\/schema.org\",\"@graph\":[{\"@type\":\"WebPage\",\"@id\":\"https:\/\/www.anvil.com.tr\/urun\/yari-otomatik-dolum-sistemleri\/\",\"url\":\"https:\/\/www.anvil.com.tr\/urun\/yari-otomatik-dolum-sistemleri\/\",\"name\":\"Yar\u0131 Otomatik Dolum Sistemleri | ANVIL\",\"isPartOf\":{\"@id\":\"https:\/\/www.anvil.com.tr\/#website\"},\"datePublished\":\"2020-10-29T12:10:58+00:00\",\"dateModified\":\"2020-10-29T12:12:18+00:00\",\"breadcrumb\":{\"@id\":\"https:\/\/www.anvil.com.tr\/urun\/yari-otomatik-dolum-sistemleri\/#breadcrumb\"},\"inLanguage\":\"en-US\",\"potentialAction\":[{\"@type\":\"ReadAction\",\"target\":[\"https:\/\/www.anvil.com.tr\/urun\/yari-otomatik-dolum-sistemleri\/\"]}]},{\"@type\":\"BreadcrumbList\",\"@id\":\"https:\/\/www.anvil.com.tr\/urun\/yari-otomatik-dolum-sistemleri\/#breadcrumb\",\"itemListElement\":[{\"@type\":\"ListItem\",\"position\":1,\"name\":\"Ana sayfa\",\"item\":\"https:\/\/www.anvil.com.tr\/en\/\"},{\"@type\":\"ListItem\",\"position\":2,\"name\":\"\u00dcr\u00fcnler\",\"item\":\"https:\/\/www.anvil.com.tr\/urunler\/\"},{\"@type\":\"ListItem\",\"position\":3,\"name\":\"Yar\u0131 Otomatik Dolum Sistemleri\"}]},{\"@type\":\"WebSite\",\"@id\":\"https:\/\/www.anvil.com.tr\/#website\",\"url\":\"https:\/\/www.anvil.com.tr\/\",\"name\":\"ANVIL\",\"description\":\"M\u00fchendislik &amp; Dan\u0131\u015fmanl\u0131k Limited \u015eirketi\",\"publisher\":{\"@id\":\"https:\/\/www.anvil.com.tr\/#organization\"},\"potentialAction\":[{\"@type\":\"SearchAction\",\"target\":{\"@type\":\"EntryPoint\",\"urlTemplate\":\"https:\/\/www.anvil.com.tr\/?s={search_term_string}\"},\"query-input\":\"required name=search_term_string\"}],\"inLanguage\":\"en-US\"},{\"@type\":\"Organization\",\"@id\":\"https:\/\/www.anvil.com.tr\/#organization\",\"name\":\"Teknik Pres Lazer Kesim San. ve Tic. Ltd. \u015eti.\",\"url\":\"https:\/\/www.anvil.com.tr\/\",\"logo\":{\"@type\":\"ImageObject\",\"inLanguage\":\"en-US\",\"@id\":\"https:\/\/www.anvil.com.tr\/#\/schema\/logo\/image\/\",\"url\":\"\",\"contentUrl\":\"\",\"caption\":\"Teknik Pres Lazer Kesim San. ve Tic. Ltd. \u015eti.\"},\"image\":{\"@id\":\"https:\/\/www.anvil.com.tr\/#\/schema\/logo\/image\/\"}}]}<\/script>\n<!-- \/ Yoast SEO plugin. -->","yoast_head_json":{"title":"Yar\u0131 Otomatik Dolum Sistemleri | ANVIL","robots":{"index":"index","follow":"follow","max-snippet":"max-snippet:-1","max-image-preview":"max-image-preview:large","max-video-preview":"max-video-preview:-1"},"canonical":"https:\/\/www.anvil.com.tr\/urun\/yari-otomatik-dolum-sistemleri\/","og_locale":"en_US","og_type":"article","og_title":"Yar\u0131 Otomatik Dolum Sistemleri | ANVIL","og_description":"\u00c7e\u015fitli end\u00fcstriler i\u00e7in yar\u0131 otomatik, esnek dolum sistemleri. Ekipmana g\u00f6re, t\u00fcm s\u0131v\u0131lar do\u011fru bir \u015fekilde tart\u0131labilir, hassas \u015fekilde dozajlanabilir ve doldurulabilir: \u00d6zel iltimas gerektirmeyen \u00fcr\u00fcnlerden, yan\u0131c\u0131, k\u00f6p\u00fckl\u00fc veya a\u015f\u0131nd\u0131r\u0131c\u0131 \u00fcr\u00fcnlere kadar.","og_url":"https:\/\/www.anvil.com.tr\/urun\/yari-otomatik-dolum-sistemleri\/","og_site_name":"ANVIL","article_modified_time":"2020-10-29T12:12:18+00:00","og_image":[{"width":880,"height":720,"url":"https:\/\/www.anvil.com.tr\/wp-content\/uploads\/2020\/10\/fsl_pro_s_can_pail_persp_front_image_w440_h360_retina-1.jpg","type":"image\/jpeg"}],"twitter_card":"summary_large_image","schema":{"@context":"https:\/\/schema.org","@graph":[{"@type":"WebPage","@id":"https:\/\/www.anvil.com.tr\/urun\/yari-otomatik-dolum-sistemleri\/","url":"https:\/\/www.anvil.com.tr\/urun\/yari-otomatik-dolum-sistemleri\/","name":"Yar\u0131 Otomatik Dolum Sistemleri | ANVIL","isPartOf":{"@id":"https:\/\/www.anvil.com.tr\/#website"},"datePublished":"2020-10-29T12:10:58+00:00","dateModified":"2020-10-29T12:12:18+00:00","breadcrumb":{"@id":"https:\/\/www.anvil.com.tr\/urun\/yari-otomatik-dolum-sistemleri\/#breadcrumb"},"inLanguage":"en-US","potentialAction":[{"@type":"ReadAction","target":["https:\/\/www.anvil.com.tr\/urun\/yari-otomatik-dolum-sistemleri\/"]}]},{"@type":"BreadcrumbList","@id":"https:\/\/www.anvil.com.tr\/urun\/yari-otomatik-dolum-sistemleri\/#breadcrumb","itemListElement":[{"@type":"ListItem","position":1,"name":"Ana sayfa","item":"https:\/\/www.anvil.com.tr\/en\/"},{"@type":"ListItem","position":2,"name":"\u00dcr\u00fcnler","item":"https:\/\/www.anvil.com.tr\/urunler\/"},{"@type":"ListItem","position":3,"name":"Yar\u0131 Otomatik Dolum Sistemleri"}]},{"@type":"WebSite","@id":"https:\/\/www.anvil.com.tr\/#website","url":"https:\/\/www.anvil.com.tr\/","name":"ANVIL","description":"M\u00fchendislik &amp; Dan\u0131\u015fmanl\u0131k Limited \u015eirketi","publisher":{"@id":"https:\/\/www.anvil.com.tr\/#organization"},"potentialAction":[{"@type":"SearchAction","target":{"@type":"EntryPoint","urlTemplate":"https:\/\/www.anvil.com.tr\/?s={search_term_string}"},"query-input":"required name=search_term_string"}],"inLanguage":"en-US"},{"@type":"Organization","@id":"https:\/\/www.anvil.com.tr\/#organization","name":"Teknik Pres Lazer Kesim San. ve Tic. Ltd. \u015eti.","url":"https:\/\/www.anvil.com.tr\/","logo":{"@type":"ImageObject","inLanguage":"en-US","@id":"https:\/\/www.anvil.com.tr\/#\/schema\/logo\/image\/","url":"","contentUrl":"","caption":"Teknik Pres Lazer Kesim San. ve Tic. Ltd. \u015eti."},"image":{"@id":"https:\/\/www.anvil.com.tr\/#\/schema\/logo\/image\/"}}]}},"_links":{"self":[{"href":"https:\/\/www.anvil.com.tr\/en\/wp-json\/wp\/v2\/product\/415"}],"collection":[{"href":"https:\/\/www.anvil.com.tr\/en\/wp-json\/wp\/v2\/product"}],"about":[{"href":"https:\/\/www.anvil.com.tr\/en\/wp-json\/wp\/v2\/types\/product"}],"replies":[{"embeddable":true,"href":"https:\/\/www.anvil.com.tr\/en\/wp-json\/wp\/v2\/comments?post=415"}],"wp:featuredmedia":[{"embeddable":true,"href":"https:\/\/www.anvil.com.tr\/en\/wp-json\/wp\/v2\/media\/416"}],"wp:attachment":[{"href":"https:\/\/www.anvil.com.tr\/en\/wp-json\/wp\/v2\/media?parent=415"}],"wp:term":[{"taxonomy":"product_cat","embeddable":true,"href":"https:\/\/www.anvil.com.tr\/en\/wp-json\/wp\/v2\/product_cat?post=415"},{"taxonomy":"product_tag","embeddable":true,"href":"https:\/\/www.anvil.com.tr\/en\/wp-json\/wp\/v2\/product_tag?post=415"}],"curies":[{"name":"wp","href":"https:\/\/api.w.org\/{rel}","templated":true}]}}