{"id":406,"date":"2020-10-29T12:04:53","date_gmt":"2020-10-29T12:04:53","guid":{"rendered":"https:\/\/www.anvil.com.tr\/?post_type=product&#038;p=406"},"modified":"2020-10-29T12:24:03","modified_gmt":"2020-10-29T12:24:03","slug":"hareketli-tartim-sistemleri","status":"publish","type":"product","link":"https:\/\/www.anvil.com.tr\/en\/urun\/hareketli-tartim-sistemleri\/","title":{"rendered":"Hareketli Tart\u0131m Sistemleri"},"content":{"rendered":"<p>Y\u00fcksek h\u0131z, a\u011f\u0131r y\u00fckler, y\u00fcksek koruma veya kusursuz dizi kontrol\u00fc fark etmeksizin, Bizerba dinamik hareketli tart\u0131m sistemleri, bireysel ihtiya\u00e7lar\u0131n\u0131z i\u00e7in do\u011fru \u00e7\u00f6z\u00fcm\u00fc sunar.<\/p>\n","protected":false},"excerpt":{"rendered":"<h1 class=\"headline\">Y\u00fcksek h\u0131z, a\u011f\u0131r y\u00fckler, y\u00fcksek koruma veya kusursuz dizi kontrol\u00fc fark etmeksizin, Bizerba dinamik hareketli tart\u0131m sistemleri, bireysel ihtiya\u00e7lar\u0131n\u0131z i\u00e7in do\u011fru \u00e7\u00f6z\u00fcm\u00fc sunar.<\/h1>\n","protected":false},"featured_media":407,"comment_status":"open","ping_status":"closed","template":"","meta":{"inline_featured_image":false},"product_cat":[26],"product_tag":[],"yoast_head":"<!-- This site is optimized with the Yoast SEO plugin v21.5 - https:\/\/yoast.com\/wordpress\/plugins\/seo\/ -->\n<title>Hareketli Tart\u0131m Sistemleri | ANVIL<\/title>\n<meta name=\"robots\" content=\"index, follow, max-snippet:-1, max-image-preview:large, max-video-preview:-1\" \/>\n<link rel=\"canonical\" href=\"https:\/\/www.anvil.com.tr\/urun\/hareketli-tartim-sistemleri\/\" \/>\n<meta property=\"og:locale\" content=\"en_US\" \/>\n<meta property=\"og:type\" content=\"article\" \/>\n<meta property=\"og:title\" content=\"Hareketli Tart\u0131m Sistemleri | ANVIL\" \/>\n<meta property=\"og:description\" content=\"Y\u00fcksek h\u0131z, a\u011f\u0131r y\u00fckler, y\u00fcksek koruma veya kusursuz dizi kontrol\u00fc fark etmeksizin, Bizerba dinamik hareketli tart\u0131m sistemleri, bireysel ihtiya\u00e7lar\u0131n\u0131z i\u00e7in do\u011fru \u00e7\u00f6z\u00fcm\u00fc sunar.\" \/>\n<meta property=\"og:url\" content=\"https:\/\/www.anvil.com.tr\/urun\/hareketli-tartim-sistemleri\/\" \/>\n<meta property=\"og:site_name\" content=\"ANVIL\" \/>\n<meta property=\"article:modified_time\" content=\"2020-10-29T12:24:03+00:00\" \/>\n<meta property=\"og:image\" content=\"https:\/\/www.anvil.com.tr\/wp-content\/uploads\/2020\/10\/cwl_l_with_is30_l_front_image_w440_h360_retina.jpg\" \/>\n\t<meta property=\"og:image:width\" content=\"880\" \/>\n\t<meta property=\"og:image:height\" content=\"720\" \/>\n\t<meta property=\"og:image:type\" content=\"image\/jpeg\" \/>\n<meta name=\"twitter:card\" content=\"summary_large_image\" \/>\n<script type=\"application\/ld+json\" class=\"yoast-schema-graph\">{\"@context\":\"https:\/\/schema.org\",\"@graph\":[{\"@type\":\"WebPage\",\"@id\":\"https:\/\/www.anvil.com.tr\/urun\/hareketli-tartim-sistemleri\/\",\"url\":\"https:\/\/www.anvil.com.tr\/urun\/hareketli-tartim-sistemleri\/\",\"name\":\"Hareketli Tart\u0131m Sistemleri | ANVIL\",\"isPartOf\":{\"@id\":\"https:\/\/www.anvil.com.tr\/#website\"},\"datePublished\":\"2020-10-29T12:04:53+00:00\",\"dateModified\":\"2020-10-29T12:24:03+00:00\",\"breadcrumb\":{\"@id\":\"https:\/\/www.anvil.com.tr\/urun\/hareketli-tartim-sistemleri\/#breadcrumb\"},\"inLanguage\":\"en-US\",\"potentialAction\":[{\"@type\":\"ReadAction\",\"target\":[\"https:\/\/www.anvil.com.tr\/urun\/hareketli-tartim-sistemleri\/\"]}]},{\"@type\":\"BreadcrumbList\",\"@id\":\"https:\/\/www.anvil.com.tr\/urun\/hareketli-tartim-sistemleri\/#breadcrumb\",\"itemListElement\":[{\"@type\":\"ListItem\",\"position\":1,\"name\":\"Ana sayfa\",\"item\":\"https:\/\/www.anvil.com.tr\/en\/\"},{\"@type\":\"ListItem\",\"position\":2,\"name\":\"\u00dcr\u00fcnler\",\"item\":\"https:\/\/www.anvil.com.tr\/urunler\/\"},{\"@type\":\"ListItem\",\"position\":3,\"name\":\"Hareketli Tart\u0131m Sistemleri\"}]},{\"@type\":\"WebSite\",\"@id\":\"https:\/\/www.anvil.com.tr\/#website\",\"url\":\"https:\/\/www.anvil.com.tr\/\",\"name\":\"ANVIL\",\"description\":\"M\u00fchendislik &amp; Dan\u0131\u015fmanl\u0131k Limited \u015eirketi\",\"publisher\":{\"@id\":\"https:\/\/www.anvil.com.tr\/#organization\"},\"potentialAction\":[{\"@type\":\"SearchAction\",\"target\":{\"@type\":\"EntryPoint\",\"urlTemplate\":\"https:\/\/www.anvil.com.tr\/?s={search_term_string}\"},\"query-input\":\"required name=search_term_string\"}],\"inLanguage\":\"en-US\"},{\"@type\":\"Organization\",\"@id\":\"https:\/\/www.anvil.com.tr\/#organization\",\"name\":\"Teknik Pres Lazer Kesim San. ve Tic. Ltd. \u015eti.\",\"url\":\"https:\/\/www.anvil.com.tr\/\",\"logo\":{\"@type\":\"ImageObject\",\"inLanguage\":\"en-US\",\"@id\":\"https:\/\/www.anvil.com.tr\/#\/schema\/logo\/image\/\",\"url\":\"\",\"contentUrl\":\"\",\"caption\":\"Teknik Pres Lazer Kesim San. ve Tic. Ltd. \u015eti.\"},\"image\":{\"@id\":\"https:\/\/www.anvil.com.tr\/#\/schema\/logo\/image\/\"}}]}<\/script>\n<!-- \/ Yoast SEO plugin. -->","yoast_head_json":{"title":"Hareketli Tart\u0131m Sistemleri | ANVIL","robots":{"index":"index","follow":"follow","max-snippet":"max-snippet:-1","max-image-preview":"max-image-preview:large","max-video-preview":"max-video-preview:-1"},"canonical":"https:\/\/www.anvil.com.tr\/urun\/hareketli-tartim-sistemleri\/","og_locale":"en_US","og_type":"article","og_title":"Hareketli Tart\u0131m Sistemleri | ANVIL","og_description":"Y\u00fcksek h\u0131z, a\u011f\u0131r y\u00fckler, y\u00fcksek koruma veya kusursuz dizi kontrol\u00fc fark etmeksizin, Bizerba dinamik hareketli tart\u0131m sistemleri, bireysel ihtiya\u00e7lar\u0131n\u0131z i\u00e7in do\u011fru \u00e7\u00f6z\u00fcm\u00fc sunar.","og_url":"https:\/\/www.anvil.com.tr\/urun\/hareketli-tartim-sistemleri\/","og_site_name":"ANVIL","article_modified_time":"2020-10-29T12:24:03+00:00","og_image":[{"width":880,"height":720,"url":"https:\/\/www.anvil.com.tr\/wp-content\/uploads\/2020\/10\/cwl_l_with_is30_l_front_image_w440_h360_retina.jpg","type":"image\/jpeg"}],"twitter_card":"summary_large_image","schema":{"@context":"https:\/\/schema.org","@graph":[{"@type":"WebPage","@id":"https:\/\/www.anvil.com.tr\/urun\/hareketli-tartim-sistemleri\/","url":"https:\/\/www.anvil.com.tr\/urun\/hareketli-tartim-sistemleri\/","name":"Hareketli Tart\u0131m Sistemleri | ANVIL","isPartOf":{"@id":"https:\/\/www.anvil.com.tr\/#website"},"datePublished":"2020-10-29T12:04:53+00:00","dateModified":"2020-10-29T12:24:03+00:00","breadcrumb":{"@id":"https:\/\/www.anvil.com.tr\/urun\/hareketli-tartim-sistemleri\/#breadcrumb"},"inLanguage":"en-US","potentialAction":[{"@type":"ReadAction","target":["https:\/\/www.anvil.com.tr\/urun\/hareketli-tartim-sistemleri\/"]}]},{"@type":"BreadcrumbList","@id":"https:\/\/www.anvil.com.tr\/urun\/hareketli-tartim-sistemleri\/#breadcrumb","itemListElement":[{"@type":"ListItem","position":1,"name":"Ana sayfa","item":"https:\/\/www.anvil.com.tr\/en\/"},{"@type":"ListItem","position":2,"name":"\u00dcr\u00fcnler","item":"https:\/\/www.anvil.com.tr\/urunler\/"},{"@type":"ListItem","position":3,"name":"Hareketli Tart\u0131m Sistemleri"}]},{"@type":"WebSite","@id":"https:\/\/www.anvil.com.tr\/#website","url":"https:\/\/www.anvil.com.tr\/","name":"ANVIL","description":"M\u00fchendislik &amp; Dan\u0131\u015fmanl\u0131k Limited \u015eirketi","publisher":{"@id":"https:\/\/www.anvil.com.tr\/#organization"},"potentialAction":[{"@type":"SearchAction","target":{"@type":"EntryPoint","urlTemplate":"https:\/\/www.anvil.com.tr\/?s={search_term_string}"},"query-input":"required name=search_term_string"}],"inLanguage":"en-US"},{"@type":"Organization","@id":"https:\/\/www.anvil.com.tr\/#organization","name":"Teknik Pres Lazer Kesim San. ve Tic. Ltd. \u015eti.","url":"https:\/\/www.anvil.com.tr\/","logo":{"@type":"ImageObject","inLanguage":"en-US","@id":"https:\/\/www.anvil.com.tr\/#\/schema\/logo\/image\/","url":"","contentUrl":"","caption":"Teknik Pres Lazer Kesim San. ve Tic. Ltd. \u015eti."},"image":{"@id":"https:\/\/www.anvil.com.tr\/#\/schema\/logo\/image\/"}}]}},"_links":{"self":[{"href":"https:\/\/www.anvil.com.tr\/en\/wp-json\/wp\/v2\/product\/406"}],"collection":[{"href":"https:\/\/www.anvil.com.tr\/en\/wp-json\/wp\/v2\/product"}],"about":[{"href":"https:\/\/www.anvil.com.tr\/en\/wp-json\/wp\/v2\/types\/product"}],"replies":[{"embeddable":true,"href":"https:\/\/www.anvil.com.tr\/en\/wp-json\/wp\/v2\/comments?post=406"}],"wp:featuredmedia":[{"embeddable":true,"href":"https:\/\/www.anvil.com.tr\/en\/wp-json\/wp\/v2\/media\/407"}],"wp:attachment":[{"href":"https:\/\/www.anvil.com.tr\/en\/wp-json\/wp\/v2\/media?parent=406"}],"wp:term":[{"taxonomy":"product_cat","embeddable":true,"href":"https:\/\/www.anvil.com.tr\/en\/wp-json\/wp\/v2\/product_cat?post=406"},{"taxonomy":"product_tag","embeddable":true,"href":"https:\/\/www.anvil.com.tr\/en\/wp-json\/wp\/v2\/product_tag?post=406"}],"curies":[{"name":"wp","href":"https:\/\/api.w.org\/{rel}","templated":true}]}}