{"id":403,"date":"2020-10-29T12:02:28","date_gmt":"2020-10-29T12:02:28","guid":{"rendered":"https:\/\/www.anvil.com.tr\/?post_type=product&#038;p=403"},"modified":"2020-10-29T12:04:41","modified_gmt":"2020-10-29T12:04:41","slug":"metal-dedektorleri","status":"publish","type":"product","link":"https:\/\/www.anvil.com.tr\/en\/urun\/metal-dedektorleri\/","title":{"rendered":"Metal Dedekt\u00f6rleri"},"content":{"rendered":"<p>Bizerba metal dedekt\u00f6rleri, paketlenmi\u015f ve ambalajs\u0131z \u00fcr\u00fcnlerin i\u00e7indeki t\u00fcm demir ve metalleri h\u0131zl\u0131 ve g\u00fcvenilir bir \u015fekilde tespit eder. Ay\u0131rma sistemleri, operat\u00f6r taraf\u0131nda gereksiz paketlerin at\u0131lmas\u0131 i\u00e7in kullan\u0131labilir. Ayr\u0131ca geni\u015f bir aksesuar yelpazesine sahiptir.<\/p>\n","protected":false},"excerpt":{"rendered":"<h1 class=\"headline\">Bizerba metal dedekt\u00f6rleri, paketlenmi\u015f ve ambalajs\u0131z \u00fcr\u00fcnlerin i\u00e7indeki t\u00fcm demir ve metalleri h\u0131zl\u0131 ve g\u00fcvenilir bir \u015fekilde tespit eder. Ay\u0131rma sistemleri, operat\u00f6r taraf\u0131nda gereksiz paketlerin at\u0131lmas\u0131 i\u00e7in kullan\u0131labilir. Ayr\u0131ca geni\u015f bir aksesuar yelpazesine sahiptir.<\/h1>\n","protected":false},"featured_media":404,"comment_status":"open","ping_status":"closed","template":"","meta":{"inline_featured_image":false},"product_cat":[32],"product_tag":[],"yoast_head":"<!-- This site is optimized with the Yoast SEO plugin v21.5 - https:\/\/yoast.com\/wordpress\/plugins\/seo\/ -->\n<title>Metal Dedekt\u00f6rleri | ANVIL<\/title>\n<meta name=\"robots\" content=\"index, follow, max-snippet:-1, max-image-preview:large, max-video-preview:-1\" \/>\n<link rel=\"canonical\" href=\"https:\/\/www.anvil.com.tr\/urun\/metal-dedektorleri\/\" \/>\n<meta property=\"og:locale\" content=\"en_US\" \/>\n<meta property=\"og:type\" content=\"article\" \/>\n<meta property=\"og:title\" content=\"Metal Dedekt\u00f6rleri | ANVIL\" \/>\n<meta property=\"og:description\" content=\"Bizerba metal dedekt\u00f6rleri, paketlenmi\u015f ve ambalajs\u0131z \u00fcr\u00fcnlerin i\u00e7indeki t\u00fcm demir ve metalleri h\u0131zl\u0131 ve g\u00fcvenilir bir \u015fekilde tespit eder. Ay\u0131rma sistemleri, operat\u00f6r taraf\u0131nda gereksiz paketlerin at\u0131lmas\u0131 i\u00e7in kullan\u0131labilir. Ayr\u0131ca geni\u015f bir aksesuar yelpazesine sahiptir.\" \/>\n<meta property=\"og:url\" content=\"https:\/\/www.anvil.com.tr\/urun\/metal-dedektorleri\/\" \/>\n<meta property=\"og:site_name\" content=\"ANVIL\" \/>\n<meta property=\"article:modified_time\" content=\"2020-10-29T12:04:41+00:00\" \/>\n<meta property=\"og:image\" content=\"https:\/\/www.anvil.com.tr\/wp-content\/uploads\/2020\/10\/metal-detectors-iMD-pro-top-right_image_w440_h360_retina.jpg\" \/>\n\t<meta property=\"og:image:width\" content=\"880\" \/>\n\t<meta property=\"og:image:height\" content=\"720\" \/>\n\t<meta property=\"og:image:type\" content=\"image\/jpeg\" \/>\n<meta name=\"twitter:card\" content=\"summary_large_image\" \/>\n<script type=\"application\/ld+json\" class=\"yoast-schema-graph\">{\"@context\":\"https:\/\/schema.org\",\"@graph\":[{\"@type\":\"WebPage\",\"@id\":\"https:\/\/www.anvil.com.tr\/urun\/metal-dedektorleri\/\",\"url\":\"https:\/\/www.anvil.com.tr\/urun\/metal-dedektorleri\/\",\"name\":\"Metal Dedekt\u00f6rleri | ANVIL\",\"isPartOf\":{\"@id\":\"https:\/\/www.anvil.com.tr\/#website\"},\"datePublished\":\"2020-10-29T12:02:28+00:00\",\"dateModified\":\"2020-10-29T12:04:41+00:00\",\"breadcrumb\":{\"@id\":\"https:\/\/www.anvil.com.tr\/urun\/metal-dedektorleri\/#breadcrumb\"},\"inLanguage\":\"en-US\",\"potentialAction\":[{\"@type\":\"ReadAction\",\"target\":[\"https:\/\/www.anvil.com.tr\/urun\/metal-dedektorleri\/\"]}]},{\"@type\":\"BreadcrumbList\",\"@id\":\"https:\/\/www.anvil.com.tr\/urun\/metal-dedektorleri\/#breadcrumb\",\"itemListElement\":[{\"@type\":\"ListItem\",\"position\":1,\"name\":\"Ana sayfa\",\"item\":\"https:\/\/www.anvil.com.tr\/en\/\"},{\"@type\":\"ListItem\",\"position\":2,\"name\":\"\u00dcr\u00fcnler\",\"item\":\"https:\/\/www.anvil.com.tr\/urunler\/\"},{\"@type\":\"ListItem\",\"position\":3,\"name\":\"Metal Dedekt\u00f6rleri\"}]},{\"@type\":\"WebSite\",\"@id\":\"https:\/\/www.anvil.com.tr\/#website\",\"url\":\"https:\/\/www.anvil.com.tr\/\",\"name\":\"ANVIL\",\"description\":\"M\u00fchendislik &amp; Dan\u0131\u015fmanl\u0131k Limited \u015eirketi\",\"publisher\":{\"@id\":\"https:\/\/www.anvil.com.tr\/#organization\"},\"potentialAction\":[{\"@type\":\"SearchAction\",\"target\":{\"@type\":\"EntryPoint\",\"urlTemplate\":\"https:\/\/www.anvil.com.tr\/?s={search_term_string}\"},\"query-input\":\"required name=search_term_string\"}],\"inLanguage\":\"en-US\"},{\"@type\":\"Organization\",\"@id\":\"https:\/\/www.anvil.com.tr\/#organization\",\"name\":\"Teknik Pres Lazer Kesim San. ve Tic. Ltd. \u015eti.\",\"url\":\"https:\/\/www.anvil.com.tr\/\",\"logo\":{\"@type\":\"ImageObject\",\"inLanguage\":\"en-US\",\"@id\":\"https:\/\/www.anvil.com.tr\/#\/schema\/logo\/image\/\",\"url\":\"\",\"contentUrl\":\"\",\"caption\":\"Teknik Pres Lazer Kesim San. ve Tic. Ltd. \u015eti.\"},\"image\":{\"@id\":\"https:\/\/www.anvil.com.tr\/#\/schema\/logo\/image\/\"}}]}<\/script>\n<!-- \/ Yoast SEO plugin. -->","yoast_head_json":{"title":"Metal Dedekt\u00f6rleri | ANVIL","robots":{"index":"index","follow":"follow","max-snippet":"max-snippet:-1","max-image-preview":"max-image-preview:large","max-video-preview":"max-video-preview:-1"},"canonical":"https:\/\/www.anvil.com.tr\/urun\/metal-dedektorleri\/","og_locale":"en_US","og_type":"article","og_title":"Metal Dedekt\u00f6rleri | ANVIL","og_description":"Bizerba metal dedekt\u00f6rleri, paketlenmi\u015f ve ambalajs\u0131z \u00fcr\u00fcnlerin i\u00e7indeki t\u00fcm demir ve metalleri h\u0131zl\u0131 ve g\u00fcvenilir bir \u015fekilde tespit eder. Ay\u0131rma sistemleri, operat\u00f6r taraf\u0131nda gereksiz paketlerin at\u0131lmas\u0131 i\u00e7in kullan\u0131labilir. Ayr\u0131ca geni\u015f bir aksesuar yelpazesine sahiptir.","og_url":"https:\/\/www.anvil.com.tr\/urun\/metal-dedektorleri\/","og_site_name":"ANVIL","article_modified_time":"2020-10-29T12:04:41+00:00","og_image":[{"width":880,"height":720,"url":"https:\/\/www.anvil.com.tr\/wp-content\/uploads\/2020\/10\/metal-detectors-iMD-pro-top-right_image_w440_h360_retina.jpg","type":"image\/jpeg"}],"twitter_card":"summary_large_image","schema":{"@context":"https:\/\/schema.org","@graph":[{"@type":"WebPage","@id":"https:\/\/www.anvil.com.tr\/urun\/metal-dedektorleri\/","url":"https:\/\/www.anvil.com.tr\/urun\/metal-dedektorleri\/","name":"Metal Dedekt\u00f6rleri | ANVIL","isPartOf":{"@id":"https:\/\/www.anvil.com.tr\/#website"},"datePublished":"2020-10-29T12:02:28+00:00","dateModified":"2020-10-29T12:04:41+00:00","breadcrumb":{"@id":"https:\/\/www.anvil.com.tr\/urun\/metal-dedektorleri\/#breadcrumb"},"inLanguage":"en-US","potentialAction":[{"@type":"ReadAction","target":["https:\/\/www.anvil.com.tr\/urun\/metal-dedektorleri\/"]}]},{"@type":"BreadcrumbList","@id":"https:\/\/www.anvil.com.tr\/urun\/metal-dedektorleri\/#breadcrumb","itemListElement":[{"@type":"ListItem","position":1,"name":"Ana sayfa","item":"https:\/\/www.anvil.com.tr\/en\/"},{"@type":"ListItem","position":2,"name":"\u00dcr\u00fcnler","item":"https:\/\/www.anvil.com.tr\/urunler\/"},{"@type":"ListItem","position":3,"name":"Metal Dedekt\u00f6rleri"}]},{"@type":"WebSite","@id":"https:\/\/www.anvil.com.tr\/#website","url":"https:\/\/www.anvil.com.tr\/","name":"ANVIL","description":"M\u00fchendislik &amp; Dan\u0131\u015fmanl\u0131k Limited \u015eirketi","publisher":{"@id":"https:\/\/www.anvil.com.tr\/#organization"},"potentialAction":[{"@type":"SearchAction","target":{"@type":"EntryPoint","urlTemplate":"https:\/\/www.anvil.com.tr\/?s={search_term_string}"},"query-input":"required name=search_term_string"}],"inLanguage":"en-US"},{"@type":"Organization","@id":"https:\/\/www.anvil.com.tr\/#organization","name":"Teknik Pres Lazer Kesim San. ve Tic. Ltd. \u015eti.","url":"https:\/\/www.anvil.com.tr\/","logo":{"@type":"ImageObject","inLanguage":"en-US","@id":"https:\/\/www.anvil.com.tr\/#\/schema\/logo\/image\/","url":"","contentUrl":"","caption":"Teknik Pres Lazer Kesim San. ve Tic. Ltd. \u015eti."},"image":{"@id":"https:\/\/www.anvil.com.tr\/#\/schema\/logo\/image\/"}}]}},"_links":{"self":[{"href":"https:\/\/www.anvil.com.tr\/en\/wp-json\/wp\/v2\/product\/403"}],"collection":[{"href":"https:\/\/www.anvil.com.tr\/en\/wp-json\/wp\/v2\/product"}],"about":[{"href":"https:\/\/www.anvil.com.tr\/en\/wp-json\/wp\/v2\/types\/product"}],"replies":[{"embeddable":true,"href":"https:\/\/www.anvil.com.tr\/en\/wp-json\/wp\/v2\/comments?post=403"}],"wp:featuredmedia":[{"embeddable":true,"href":"https:\/\/www.anvil.com.tr\/en\/wp-json\/wp\/v2\/media\/404"}],"wp:attachment":[{"href":"https:\/\/www.anvil.com.tr\/en\/wp-json\/wp\/v2\/media?parent=403"}],"wp:term":[{"taxonomy":"product_cat","embeddable":true,"href":"https:\/\/www.anvil.com.tr\/en\/wp-json\/wp\/v2\/product_cat?post=403"},{"taxonomy":"product_tag","embeddable":true,"href":"https:\/\/www.anvil.com.tr\/en\/wp-json\/wp\/v2\/product_tag?post=403"}],"curies":[{"name":"wp","href":"https:\/\/api.w.org\/{rel}","templated":true}]}}