{"id":335,"date":"2020-09-24T17:39:13","date_gmt":"2020-09-24T17:39:13","guid":{"rendered":"https:\/\/www.anvil.com.tr\/?post_type=product&#038;p=335"},"modified":"2020-09-24T17:40:31","modified_gmt":"2020-09-24T17:40:31","slug":"m-sinifi-pc-teraziler-pro","status":"publish","type":"product","link":"https:\/\/www.anvil.com.tr\/en\/urun\/m-sinifi-pc-teraziler-pro\/","title":{"rendered":"M-S\u0131n\u0131f\u0131 PC Teraziler Pro"},"content":{"rendered":"<p>Modern self servis tart\u0131 &#8211; M-Class II Pro&#8217;nun anlam\u0131 budur. Ba\u011f\u0131ms\u0131z tasar\u0131ma sahip ilk \u00f6l\u00e7ek yeni ma\u011faza konseptlerini destekler: Esnek konum se\u00e7imi, \u00e7ok i\u015flevli kullan\u0131m, optimum kullan\u0131m kolayl\u0131\u011f\u0131 ve daha fazla performanstan yararlan\u0131n.<\/p>\n","protected":false},"excerpt":{"rendered":"<p>Modern self servis tart\u0131 &#8211; M-Class II Pro&#8217;nun anlam\u0131 budur. Ba\u011f\u0131ms\u0131z tasar\u0131ma sahip ilk \u00f6l\u00e7ek yeni ma\u011faza konseptlerini destekler: Esnek konum se\u00e7imi, \u00e7ok i\u015flevli kullan\u0131m, optimum kullan\u0131m kolayl\u0131\u011f\u0131 ve daha fazla performanstan yararlan\u0131n.<\/p>\n","protected":false},"featured_media":336,"comment_status":"open","ping_status":"closed","template":"","meta":{"inline_featured_image":false},"product_cat":[26],"product_tag":[],"yoast_head":"<!-- This site is optimized with the Yoast SEO plugin v21.5 - https:\/\/yoast.com\/wordpress\/plugins\/seo\/ -->\n<title>M-S\u0131n\u0131f\u0131 PC Teraziler Pro | ANVIL<\/title>\n<meta name=\"robots\" content=\"index, follow, max-snippet:-1, max-image-preview:large, max-video-preview:-1\" \/>\n<link rel=\"canonical\" href=\"https:\/\/www.anvil.com.tr\/urun\/m-sinifi-pc-teraziler-pro\/\" \/>\n<meta property=\"og:locale\" content=\"en_US\" \/>\n<meta property=\"og:type\" content=\"article\" \/>\n<meta property=\"og:title\" content=\"M-S\u0131n\u0131f\u0131 PC Teraziler Pro | ANVIL\" \/>\n<meta property=\"og:description\" content=\"Modern self servis tart\u0131 - M-Class II Pro&#039;nun anlam\u0131 budur. Ba\u011f\u0131ms\u0131z tasar\u0131ma sahip ilk \u00f6l\u00e7ek yeni ma\u011faza konseptlerini destekler: Esnek konum se\u00e7imi, \u00e7ok i\u015flevli kullan\u0131m, optimum kullan\u0131m kolayl\u0131\u011f\u0131 ve daha fazla performanstan yararlan\u0131n.\" \/>\n<meta property=\"og:url\" content=\"https:\/\/www.anvil.com.tr\/urun\/m-sinifi-pc-teraziler-pro\/\" \/>\n<meta property=\"og:site_name\" content=\"ANVIL\" \/>\n<meta property=\"article:modified_time\" content=\"2020-09-24T17:40:31+00:00\" \/>\n<meta property=\"og:image\" content=\"https:\/\/www.anvil.com.tr\/wp-content\/uploads\/2020\/09\/M-Sinifi-PC-Teraziler-Pro.jpg\" \/>\n\t<meta property=\"og:image:width\" content=\"880\" \/>\n\t<meta property=\"og:image:height\" content=\"720\" \/>\n\t<meta property=\"og:image:type\" content=\"image\/jpeg\" \/>\n<meta name=\"twitter:card\" content=\"summary_large_image\" \/>\n<script type=\"application\/ld+json\" class=\"yoast-schema-graph\">{\"@context\":\"https:\/\/schema.org\",\"@graph\":[{\"@type\":\"WebPage\",\"@id\":\"https:\/\/www.anvil.com.tr\/urun\/m-sinifi-pc-teraziler-pro\/\",\"url\":\"https:\/\/www.anvil.com.tr\/urun\/m-sinifi-pc-teraziler-pro\/\",\"name\":\"M-S\u0131n\u0131f\u0131 PC Teraziler Pro | ANVIL\",\"isPartOf\":{\"@id\":\"https:\/\/www.anvil.com.tr\/#website\"},\"datePublished\":\"2020-09-24T17:39:13+00:00\",\"dateModified\":\"2020-09-24T17:40:31+00:00\",\"breadcrumb\":{\"@id\":\"https:\/\/www.anvil.com.tr\/urun\/m-sinifi-pc-teraziler-pro\/#breadcrumb\"},\"inLanguage\":\"en-US\",\"potentialAction\":[{\"@type\":\"ReadAction\",\"target\":[\"https:\/\/www.anvil.com.tr\/urun\/m-sinifi-pc-teraziler-pro\/\"]}]},{\"@type\":\"BreadcrumbList\",\"@id\":\"https:\/\/www.anvil.com.tr\/urun\/m-sinifi-pc-teraziler-pro\/#breadcrumb\",\"itemListElement\":[{\"@type\":\"ListItem\",\"position\":1,\"name\":\"Ana sayfa\",\"item\":\"https:\/\/www.anvil.com.tr\/en\/\"},{\"@type\":\"ListItem\",\"position\":2,\"name\":\"\u00dcr\u00fcnler\",\"item\":\"https:\/\/www.anvil.com.tr\/urunler\/\"},{\"@type\":\"ListItem\",\"position\":3,\"name\":\"M-S\u0131n\u0131f\u0131 PC Teraziler Pro\"}]},{\"@type\":\"WebSite\",\"@id\":\"https:\/\/www.anvil.com.tr\/#website\",\"url\":\"https:\/\/www.anvil.com.tr\/\",\"name\":\"ANVIL\",\"description\":\"M\u00fchendislik &amp; Dan\u0131\u015fmanl\u0131k Limited \u015eirketi\",\"publisher\":{\"@id\":\"https:\/\/www.anvil.com.tr\/#organization\"},\"potentialAction\":[{\"@type\":\"SearchAction\",\"target\":{\"@type\":\"EntryPoint\",\"urlTemplate\":\"https:\/\/www.anvil.com.tr\/?s={search_term_string}\"},\"query-input\":\"required name=search_term_string\"}],\"inLanguage\":\"en-US\"},{\"@type\":\"Organization\",\"@id\":\"https:\/\/www.anvil.com.tr\/#organization\",\"name\":\"Teknik Pres Lazer Kesim San. ve Tic. Ltd. \u015eti.\",\"url\":\"https:\/\/www.anvil.com.tr\/\",\"logo\":{\"@type\":\"ImageObject\",\"inLanguage\":\"en-US\",\"@id\":\"https:\/\/www.anvil.com.tr\/#\/schema\/logo\/image\/\",\"url\":\"\",\"contentUrl\":\"\",\"caption\":\"Teknik Pres Lazer Kesim San. ve Tic. Ltd. \u015eti.\"},\"image\":{\"@id\":\"https:\/\/www.anvil.com.tr\/#\/schema\/logo\/image\/\"}}]}<\/script>\n<!-- \/ Yoast SEO plugin. -->","yoast_head_json":{"title":"M-S\u0131n\u0131f\u0131 PC Teraziler Pro | ANVIL","robots":{"index":"index","follow":"follow","max-snippet":"max-snippet:-1","max-image-preview":"max-image-preview:large","max-video-preview":"max-video-preview:-1"},"canonical":"https:\/\/www.anvil.com.tr\/urun\/m-sinifi-pc-teraziler-pro\/","og_locale":"en_US","og_type":"article","og_title":"M-S\u0131n\u0131f\u0131 PC Teraziler Pro | ANVIL","og_description":"Modern self servis tart\u0131 - M-Class II Pro'nun anlam\u0131 budur. Ba\u011f\u0131ms\u0131z tasar\u0131ma sahip ilk \u00f6l\u00e7ek yeni ma\u011faza konseptlerini destekler: Esnek konum se\u00e7imi, \u00e7ok i\u015flevli kullan\u0131m, optimum kullan\u0131m kolayl\u0131\u011f\u0131 ve daha fazla performanstan yararlan\u0131n.","og_url":"https:\/\/www.anvil.com.tr\/urun\/m-sinifi-pc-teraziler-pro\/","og_site_name":"ANVIL","article_modified_time":"2020-09-24T17:40:31+00:00","og_image":[{"width":880,"height":720,"url":"https:\/\/www.anvil.com.tr\/wp-content\/uploads\/2020\/09\/M-Sinifi-PC-Teraziler-Pro.jpg","type":"image\/jpeg"}],"twitter_card":"summary_large_image","schema":{"@context":"https:\/\/schema.org","@graph":[{"@type":"WebPage","@id":"https:\/\/www.anvil.com.tr\/urun\/m-sinifi-pc-teraziler-pro\/","url":"https:\/\/www.anvil.com.tr\/urun\/m-sinifi-pc-teraziler-pro\/","name":"M-S\u0131n\u0131f\u0131 PC Teraziler Pro | ANVIL","isPartOf":{"@id":"https:\/\/www.anvil.com.tr\/#website"},"datePublished":"2020-09-24T17:39:13+00:00","dateModified":"2020-09-24T17:40:31+00:00","breadcrumb":{"@id":"https:\/\/www.anvil.com.tr\/urun\/m-sinifi-pc-teraziler-pro\/#breadcrumb"},"inLanguage":"en-US","potentialAction":[{"@type":"ReadAction","target":["https:\/\/www.anvil.com.tr\/urun\/m-sinifi-pc-teraziler-pro\/"]}]},{"@type":"BreadcrumbList","@id":"https:\/\/www.anvil.com.tr\/urun\/m-sinifi-pc-teraziler-pro\/#breadcrumb","itemListElement":[{"@type":"ListItem","position":1,"name":"Ana sayfa","item":"https:\/\/www.anvil.com.tr\/en\/"},{"@type":"ListItem","position":2,"name":"\u00dcr\u00fcnler","item":"https:\/\/www.anvil.com.tr\/urunler\/"},{"@type":"ListItem","position":3,"name":"M-S\u0131n\u0131f\u0131 PC Teraziler Pro"}]},{"@type":"WebSite","@id":"https:\/\/www.anvil.com.tr\/#website","url":"https:\/\/www.anvil.com.tr\/","name":"ANVIL","description":"M\u00fchendislik &amp; Dan\u0131\u015fmanl\u0131k Limited \u015eirketi","publisher":{"@id":"https:\/\/www.anvil.com.tr\/#organization"},"potentialAction":[{"@type":"SearchAction","target":{"@type":"EntryPoint","urlTemplate":"https:\/\/www.anvil.com.tr\/?s={search_term_string}"},"query-input":"required name=search_term_string"}],"inLanguage":"en-US"},{"@type":"Organization","@id":"https:\/\/www.anvil.com.tr\/#organization","name":"Teknik Pres Lazer Kesim San. ve Tic. Ltd. \u015eti.","url":"https:\/\/www.anvil.com.tr\/","logo":{"@type":"ImageObject","inLanguage":"en-US","@id":"https:\/\/www.anvil.com.tr\/#\/schema\/logo\/image\/","url":"","contentUrl":"","caption":"Teknik Pres Lazer Kesim San. ve Tic. Ltd. \u015eti."},"image":{"@id":"https:\/\/www.anvil.com.tr\/#\/schema\/logo\/image\/"}}]}},"_links":{"self":[{"href":"https:\/\/www.anvil.com.tr\/en\/wp-json\/wp\/v2\/product\/335"}],"collection":[{"href":"https:\/\/www.anvil.com.tr\/en\/wp-json\/wp\/v2\/product"}],"about":[{"href":"https:\/\/www.anvil.com.tr\/en\/wp-json\/wp\/v2\/types\/product"}],"replies":[{"embeddable":true,"href":"https:\/\/www.anvil.com.tr\/en\/wp-json\/wp\/v2\/comments?post=335"}],"wp:featuredmedia":[{"embeddable":true,"href":"https:\/\/www.anvil.com.tr\/en\/wp-json\/wp\/v2\/media\/336"}],"wp:attachment":[{"href":"https:\/\/www.anvil.com.tr\/en\/wp-json\/wp\/v2\/media?parent=335"}],"wp:term":[{"taxonomy":"product_cat","embeddable":true,"href":"https:\/\/www.anvil.com.tr\/en\/wp-json\/wp\/v2\/product_cat?post=335"},{"taxonomy":"product_tag","embeddable":true,"href":"https:\/\/www.anvil.com.tr\/en\/wp-json\/wp\/v2\/product_tag?post=335"}],"curies":[{"name":"wp","href":"https:\/\/api.w.org\/{rel}","templated":true}]}}