{"id":320,"date":"2020-09-15T11:02:31","date_gmt":"2020-09-15T11:02:31","guid":{"rendered":"https:\/\/www.anvil.com.tr\/?post_type=product&#038;p=320"},"modified":"2020-09-24T17:38:14","modified_gmt":"2020-09-24T17:38:14","slug":"urun-2","status":"publish","type":"product","link":"https:\/\/www.anvil.com.tr\/en\/urun\/urun-2\/","title":{"rendered":"K-S\u0131n\u0131f\u0131 Esnek PC Terazileri: K-Flex Pro"},"content":{"rendered":"<p>Serbest\u00e7e birle\u015ftirilebilir bile\u015fenler, a\u011fa ba\u011fl\u0131 i\u015flevler ve daha fazla performans. K-Serisi Flex II Pro Serisi&#8217;nin anlam\u0131 budur. Yeni \u00f6zellikler veya bireysel gereksinimler ger\u00e7ekle\u015ftirin. G\u00fc\u00e7l\u00fc Intel\u00ae Quad i\u015flemci ve b\u00fcy\u00fck ana bellek m\u00fcmk\u00fcn k\u0131lar.<\/p>\n<p>&nbsp;<\/p>\n","protected":false},"excerpt":{"rendered":"<p>Serbest\u00e7e birle\u015ftirilebilir bile\u015fenler, a\u011fa ba\u011fl\u0131 i\u015flevler ve daha fazla performans. K-Serisi Flex II Pro Serisi&#8217;nin anlam\u0131 budur. Yeni \u00f6zellikler veya bireysel gereksinimler ger\u00e7ekle\u015ftirin. G\u00fc\u00e7l\u00fc Intel\u00ae Quad i\u015flemci ve b\u00fcy\u00fck ana bellek m\u00fcmk\u00fcn k\u0131lar.<\/p>\n","protected":false},"featured_media":334,"comment_status":"open","ping_status":"closed","template":"","meta":{"inline_featured_image":false},"product_cat":[26],"product_tag":[],"yoast_head":"<!-- This site is optimized with the Yoast SEO plugin v21.5 - https:\/\/yoast.com\/wordpress\/plugins\/seo\/ -->\n<title>K-S\u0131n\u0131f\u0131 Esnek PC Terazileri: K-Flex Pro | ANVIL<\/title>\n<meta name=\"robots\" content=\"index, follow, max-snippet:-1, max-image-preview:large, max-video-preview:-1\" \/>\n<link rel=\"canonical\" href=\"https:\/\/www.anvil.com.tr\/urun\/urun-2\/\" \/>\n<meta property=\"og:locale\" content=\"en_US\" \/>\n<meta property=\"og:type\" content=\"article\" \/>\n<meta property=\"og:title\" content=\"K-S\u0131n\u0131f\u0131 Esnek PC Terazileri: K-Flex Pro | ANVIL\" \/>\n<meta property=\"og:description\" content=\"Serbest\u00e7e birle\u015ftirilebilir bile\u015fenler, a\u011fa ba\u011fl\u0131 i\u015flevler ve daha fazla performans. K-Serisi Flex II Pro Serisi&#039;nin anlam\u0131 budur. Yeni \u00f6zellikler veya bireysel gereksinimler ger\u00e7ekle\u015ftirin. G\u00fc\u00e7l\u00fc Intel\u00ae Quad i\u015flemci ve b\u00fcy\u00fck ana bellek m\u00fcmk\u00fcn k\u0131lar.\" \/>\n<meta property=\"og:url\" content=\"https:\/\/www.anvil.com.tr\/urun\/urun-2\/\" \/>\n<meta property=\"og:site_name\" content=\"ANVIL\" \/>\n<meta property=\"article:modified_time\" content=\"2020-09-24T17:38:14+00:00\" \/>\n<meta property=\"og:image\" content=\"https:\/\/www.anvil.com.tr\/wp-content\/uploads\/2020\/09\/K-Sinifi-Esnek-PC-Terazileri-K-Flex-Pro.jpg\" \/>\n\t<meta property=\"og:image:width\" content=\"880\" \/>\n\t<meta property=\"og:image:height\" content=\"720\" \/>\n\t<meta property=\"og:image:type\" content=\"image\/jpeg\" \/>\n<meta name=\"twitter:card\" content=\"summary_large_image\" \/>\n<script type=\"application\/ld+json\" class=\"yoast-schema-graph\">{\"@context\":\"https:\/\/schema.org\",\"@graph\":[{\"@type\":\"WebPage\",\"@id\":\"https:\/\/www.anvil.com.tr\/urun\/urun-2\/\",\"url\":\"https:\/\/www.anvil.com.tr\/urun\/urun-2\/\",\"name\":\"K-S\u0131n\u0131f\u0131 Esnek PC Terazileri: K-Flex Pro | ANVIL\",\"isPartOf\":{\"@id\":\"https:\/\/www.anvil.com.tr\/#website\"},\"datePublished\":\"2020-09-15T11:02:31+00:00\",\"dateModified\":\"2020-09-24T17:38:14+00:00\",\"breadcrumb\":{\"@id\":\"https:\/\/www.anvil.com.tr\/urun\/urun-2\/#breadcrumb\"},\"inLanguage\":\"en-US\",\"potentialAction\":[{\"@type\":\"ReadAction\",\"target\":[\"https:\/\/www.anvil.com.tr\/urun\/urun-2\/\"]}]},{\"@type\":\"BreadcrumbList\",\"@id\":\"https:\/\/www.anvil.com.tr\/urun\/urun-2\/#breadcrumb\",\"itemListElement\":[{\"@type\":\"ListItem\",\"position\":1,\"name\":\"Ana sayfa\",\"item\":\"https:\/\/www.anvil.com.tr\/en\/\"},{\"@type\":\"ListItem\",\"position\":2,\"name\":\"\u00dcr\u00fcnler\",\"item\":\"https:\/\/www.anvil.com.tr\/urunler\/\"},{\"@type\":\"ListItem\",\"position\":3,\"name\":\"K-S\u0131n\u0131f\u0131 Esnek PC Terazileri: K-Flex Pro\"}]},{\"@type\":\"WebSite\",\"@id\":\"https:\/\/www.anvil.com.tr\/#website\",\"url\":\"https:\/\/www.anvil.com.tr\/\",\"name\":\"ANVIL\",\"description\":\"M\u00fchendislik &amp; Dan\u0131\u015fmanl\u0131k Limited \u015eirketi\",\"publisher\":{\"@id\":\"https:\/\/www.anvil.com.tr\/#organization\"},\"potentialAction\":[{\"@type\":\"SearchAction\",\"target\":{\"@type\":\"EntryPoint\",\"urlTemplate\":\"https:\/\/www.anvil.com.tr\/?s={search_term_string}\"},\"query-input\":\"required name=search_term_string\"}],\"inLanguage\":\"en-US\"},{\"@type\":\"Organization\",\"@id\":\"https:\/\/www.anvil.com.tr\/#organization\",\"name\":\"Teknik Pres Lazer Kesim San. ve Tic. Ltd. \u015eti.\",\"url\":\"https:\/\/www.anvil.com.tr\/\",\"logo\":{\"@type\":\"ImageObject\",\"inLanguage\":\"en-US\",\"@id\":\"https:\/\/www.anvil.com.tr\/#\/schema\/logo\/image\/\",\"url\":\"\",\"contentUrl\":\"\",\"caption\":\"Teknik Pres Lazer Kesim San. ve Tic. Ltd. \u015eti.\"},\"image\":{\"@id\":\"https:\/\/www.anvil.com.tr\/#\/schema\/logo\/image\/\"}}]}<\/script>\n<!-- \/ Yoast SEO plugin. -->","yoast_head_json":{"title":"K-S\u0131n\u0131f\u0131 Esnek PC Terazileri: K-Flex Pro | ANVIL","robots":{"index":"index","follow":"follow","max-snippet":"max-snippet:-1","max-image-preview":"max-image-preview:large","max-video-preview":"max-video-preview:-1"},"canonical":"https:\/\/www.anvil.com.tr\/urun\/urun-2\/","og_locale":"en_US","og_type":"article","og_title":"K-S\u0131n\u0131f\u0131 Esnek PC Terazileri: K-Flex Pro | ANVIL","og_description":"Serbest\u00e7e birle\u015ftirilebilir bile\u015fenler, a\u011fa ba\u011fl\u0131 i\u015flevler ve daha fazla performans. K-Serisi Flex II Pro Serisi'nin anlam\u0131 budur. Yeni \u00f6zellikler veya bireysel gereksinimler ger\u00e7ekle\u015ftirin. G\u00fc\u00e7l\u00fc Intel\u00ae Quad i\u015flemci ve b\u00fcy\u00fck ana bellek m\u00fcmk\u00fcn k\u0131lar.","og_url":"https:\/\/www.anvil.com.tr\/urun\/urun-2\/","og_site_name":"ANVIL","article_modified_time":"2020-09-24T17:38:14+00:00","og_image":[{"width":880,"height":720,"url":"https:\/\/www.anvil.com.tr\/wp-content\/uploads\/2020\/09\/K-Sinifi-Esnek-PC-Terazileri-K-Flex-Pro.jpg","type":"image\/jpeg"}],"twitter_card":"summary_large_image","schema":{"@context":"https:\/\/schema.org","@graph":[{"@type":"WebPage","@id":"https:\/\/www.anvil.com.tr\/urun\/urun-2\/","url":"https:\/\/www.anvil.com.tr\/urun\/urun-2\/","name":"K-S\u0131n\u0131f\u0131 Esnek PC Terazileri: K-Flex Pro | ANVIL","isPartOf":{"@id":"https:\/\/www.anvil.com.tr\/#website"},"datePublished":"2020-09-15T11:02:31+00:00","dateModified":"2020-09-24T17:38:14+00:00","breadcrumb":{"@id":"https:\/\/www.anvil.com.tr\/urun\/urun-2\/#breadcrumb"},"inLanguage":"en-US","potentialAction":[{"@type":"ReadAction","target":["https:\/\/www.anvil.com.tr\/urun\/urun-2\/"]}]},{"@type":"BreadcrumbList","@id":"https:\/\/www.anvil.com.tr\/urun\/urun-2\/#breadcrumb","itemListElement":[{"@type":"ListItem","position":1,"name":"Ana sayfa","item":"https:\/\/www.anvil.com.tr\/en\/"},{"@type":"ListItem","position":2,"name":"\u00dcr\u00fcnler","item":"https:\/\/www.anvil.com.tr\/urunler\/"},{"@type":"ListItem","position":3,"name":"K-S\u0131n\u0131f\u0131 Esnek PC Terazileri: K-Flex Pro"}]},{"@type":"WebSite","@id":"https:\/\/www.anvil.com.tr\/#website","url":"https:\/\/www.anvil.com.tr\/","name":"ANVIL","description":"M\u00fchendislik &amp; Dan\u0131\u015fmanl\u0131k Limited \u015eirketi","publisher":{"@id":"https:\/\/www.anvil.com.tr\/#organization"},"potentialAction":[{"@type":"SearchAction","target":{"@type":"EntryPoint","urlTemplate":"https:\/\/www.anvil.com.tr\/?s={search_term_string}"},"query-input":"required name=search_term_string"}],"inLanguage":"en-US"},{"@type":"Organization","@id":"https:\/\/www.anvil.com.tr\/#organization","name":"Teknik Pres Lazer Kesim San. ve Tic. Ltd. \u015eti.","url":"https:\/\/www.anvil.com.tr\/","logo":{"@type":"ImageObject","inLanguage":"en-US","@id":"https:\/\/www.anvil.com.tr\/#\/schema\/logo\/image\/","url":"","contentUrl":"","caption":"Teknik Pres Lazer Kesim San. ve Tic. Ltd. \u015eti."},"image":{"@id":"https:\/\/www.anvil.com.tr\/#\/schema\/logo\/image\/"}}]}},"_links":{"self":[{"href":"https:\/\/www.anvil.com.tr\/en\/wp-json\/wp\/v2\/product\/320"}],"collection":[{"href":"https:\/\/www.anvil.com.tr\/en\/wp-json\/wp\/v2\/product"}],"about":[{"href":"https:\/\/www.anvil.com.tr\/en\/wp-json\/wp\/v2\/types\/product"}],"replies":[{"embeddable":true,"href":"https:\/\/www.anvil.com.tr\/en\/wp-json\/wp\/v2\/comments?post=320"}],"wp:featuredmedia":[{"embeddable":true,"href":"https:\/\/www.anvil.com.tr\/en\/wp-json\/wp\/v2\/media\/334"}],"wp:attachment":[{"href":"https:\/\/www.anvil.com.tr\/en\/wp-json\/wp\/v2\/media?parent=320"}],"wp:term":[{"taxonomy":"product_cat","embeddable":true,"href":"https:\/\/www.anvil.com.tr\/en\/wp-json\/wp\/v2\/product_cat?post=320"},{"taxonomy":"product_tag","embeddable":true,"href":"https:\/\/www.anvil.com.tr\/en\/wp-json\/wp\/v2\/product_tag?post=320"}],"curies":[{"name":"wp","href":"https:\/\/api.w.org\/{rel}","templated":true}]}}