{"id":602,"date":"2021-06-10T14:00:43","date_gmt":"2021-06-10T11:00:43","guid":{"rendered":"https:\/\/www.anvil.com.tr\/hakkimizda\/"},"modified":"2021-06-10T14:05:13","modified_gmt":"2021-06-10T11:05:13","slug":"about-us","status":"publish","type":"page","link":"https:\/\/www.anvil.com.tr\/en\/about-us\/","title":{"rendered":"About Us"},"content":{"rendered":"\n  <div id=\"page-header-575695761\" class=\"page-header-wrapper\">\n  <div class=\"page-title dark featured-title\">\n\n        <div class=\"page-title-bg\">\n      <div class=\"title-bg fill bg-fill\"\n        data-parallax-container=\".page-title\"\n        data-parallax-background\n        data-parallax=\"-\">\n      <\/div>\n      <div class=\"title-overlay fill\"><\/div>\n    <\/div>\n    \n    <div class=\"page-title-inner container align-center flex-row medium-flex-wrap\" >\n              <div class=\"title-wrapper flex-col text-left medium-text-center\">\n          <h1 class=\"entry-title mb-0\">\n            About Us          <\/h1>\n        <\/div>\n                    <div class=\"title-content flex-col flex-right text-right medium-text-center\">\n        <div class=\"title-breadcrumbs pb-half pt-half\"><nav class=\"woocommerce-breadcrumb breadcrumbs uppercase\">Home<\/nav><\/div>      <\/div>\n    <\/div>\n\n     \n<style>\n#page-header-575695761 .page-title-inner {\n  min-height: 111px;\n}\n#page-header-575695761 .title-overlay {\n  background-color: rgb(72, 158, 216);\n}\n#page-header-575695761 {\n  background-color: rgb(255, 255, 255);\n}\n<\/style>\n  <\/div>\n    <\/div>\n  \n\n\t<section class=\"section\" id=\"section_1142732260\">\n\t\t<div class=\"bg section-bg fill bg-fill  bg-loaded\" >\n\n\t\t\t\n\t\t\t\n\t\t\t\n\n\t\t<\/div>\n\n\t\t<div class=\"section-content relative\">\n\t\t\t\n\n<div class=\"row\"  id=\"row-1961898144\">\n\n\n\t<div id=\"col-1347445072\" class=\"col medium-8 small-12 large-8\"  >\n\t\t<div class=\"col-inner\"  >\n\t\t\t\n\t\t\t\n\n<p>Anvil, k\u00fc\u00e7\u00fck b\u00fcy\u00fck m\u00fc\u015fteri ay\u0131rt etmeksizin en kaliteli hizmeti en uygun fiyata vermek amac\u0131yla 2020 y\u0131l\u0131nda kurulmu\u015ftur.<\/p>\n<p>M\u00fc\u015fterilerimizin ihtiya\u00e7lar\u0131na y\u00f6nelik proses, paketleme, kontrol ve otomasyon teknolojileri alan\u0131nda \u00e7\u00f6z\u00fcm sa\u011flay\u0131c\u0131 olarak hizmet vermekteyiz.<\/p>\n<p>En b\u00fcy\u00fck ba\u015far\u0131lar\u0131 sa\u011flayan \u015firketlerin ortak tutkusu, yapt\u0131klar\u0131 her i\u015fin merkezine m\u00fc\u015fteriyi yerle\u015ftirmek oldu\u011fu bilinciyle \u0130stanbul merkezimizden d\u00fcnyan\u0131n her b\u00f6lgesine \u00e7\u00f6z\u00fcmler sunmaktay\u0131z.<\/p>\n\n\t\t<\/div>\n\t\t\t<\/div>\n\n\t\n\n\t<div id=\"col-854311352\" class=\"col medium-4 small-12 large-4\"  >\n\t\t<div class=\"col-inner\"  >\n\t\t\t\n\t\t\t\n\n\t<div class=\"img has-hover x md-x lg-x y md-y lg-y\" id=\"image_1284828300\">\n\t\t\t\t\t\t\t\t<div class=\"img-inner dark\" >\n\t\t\t<img width=\"666\" height=\"444\" src=\"https:\/\/www.anvil.com.tr\/wp-content\/uploads\/2020\/09\/anvil33.jpg\" class=\"attachment-large size-large\" alt=\"\" loading=\"lazy\" srcset=\"https:\/\/www.anvil.com.tr\/wp-content\/uploads\/2020\/09\/anvil33.jpg 666w, https:\/\/www.anvil.com.tr\/wp-content\/uploads\/2020\/09\/anvil33-300x200.jpg 300w, https:\/\/www.anvil.com.tr\/wp-content\/uploads\/2020\/09\/anvil33-600x400.jpg 600w\" sizes=\"(max-width: 666px) 100vw, 666px\" \/>\t\t\t\t\t\t\n\t\t\t\t\t<\/div>\n\t\t\t\t\t\t\t\t\n<style>\n#image_1284828300 {\n  width: 100%;\n}\n<\/style>\n\t<\/div>\n\t\n\n\n\t\t<\/div>\n\t\t\t<\/div>\n\n\t\n\n<\/div>\n\n\t\t<\/div>\n\n\t\t\n<style>\n#section_1142732260 {\n  padding-top: 66px;\n  padding-bottom: 66px;\n}\n<\/style>\n\t<\/section>\n\t\n","protected":false},"excerpt":{"rendered":"","protected":false},"author":1,"featured_media":0,"parent":0,"menu_order":0,"comment_status":"closed","ping_status":"closed","template":"page-blank.php","meta":{"inline_featured_image":false},"yoast_head":"<!-- This site is optimized with the Yoast SEO plugin v21.5 - https:\/\/yoast.com\/wordpress\/plugins\/seo\/ -->\n<title>About Us | ANVIL<\/title>\n<meta name=\"description\" content=\"Anvil M\u00fchendislik, Paketleme makinesi, Dilimleme makinesi, Makine yedek par\u00e7a, Paketleme makine servisi, End\u00fcstriyel Terazi, Maske Makinesi\" \/>\n<meta name=\"robots\" content=\"index, follow, max-snippet:-1, max-image-preview:large, max-video-preview:-1\" \/>\n<link rel=\"canonical\" href=\"https:\/\/www.anvil.com.tr\/en\/about-us\/\" \/>\n<meta property=\"og:locale\" content=\"en_US\" \/>\n<meta property=\"og:type\" content=\"article\" \/>\n<meta property=\"og:title\" content=\"About Us | ANVIL\" \/>\n<meta property=\"og:description\" content=\"Anvil M\u00fchendislik, Paketleme makinesi, Dilimleme makinesi, Makine yedek par\u00e7a, Paketleme makine servisi, End\u00fcstriyel Terazi, Maske Makinesi\" \/>\n<meta property=\"og:url\" content=\"https:\/\/www.anvil.com.tr\/en\/about-us\/\" \/>\n<meta property=\"og:site_name\" content=\"ANVIL\" \/>\n<meta property=\"article:modified_time\" content=\"2021-06-10T11:05:13+00:00\" \/>\n<meta name=\"twitter:card\" content=\"summary_large_image\" \/>\n<meta name=\"twitter:label1\" content=\"Est. reading time\" \/>\n\t<meta name=\"twitter:data1\" content=\"1 minute\" \/>\n<script type=\"application\/ld+json\" class=\"yoast-schema-graph\">{\"@context\":\"https:\/\/schema.org\",\"@graph\":[{\"@type\":\"WebPage\",\"@id\":\"https:\/\/www.anvil.com.tr\/en\/about-us\/\",\"url\":\"https:\/\/www.anvil.com.tr\/en\/about-us\/\",\"name\":\"About Us | ANVIL\",\"isPartOf\":{\"@id\":\"https:\/\/www.anvil.com.tr\/#website\"},\"datePublished\":\"2021-06-10T11:00:43+00:00\",\"dateModified\":\"2021-06-10T11:05:13+00:00\",\"description\":\"Anvil M\u00fchendislik, Paketleme makinesi, Dilimleme makinesi, Makine yedek par\u00e7a, Paketleme makine servisi, End\u00fcstriyel Terazi, Maske Makinesi\",\"breadcrumb\":{\"@id\":\"https:\/\/www.anvil.com.tr\/en\/about-us\/#breadcrumb\"},\"inLanguage\":\"en-US\",\"potentialAction\":[{\"@type\":\"ReadAction\",\"target\":[\"https:\/\/www.anvil.com.tr\/en\/about-us\/\"]}]},{\"@type\":\"BreadcrumbList\",\"@id\":\"https:\/\/www.anvil.com.tr\/en\/about-us\/#breadcrumb\",\"itemListElement\":[{\"@type\":\"ListItem\",\"position\":1,\"name\":\"Ana sayfa\",\"item\":\"https:\/\/www.anvil.com.tr\/en\/\"},{\"@type\":\"ListItem\",\"position\":2,\"name\":\"About Us\"}]},{\"@type\":\"WebSite\",\"@id\":\"https:\/\/www.anvil.com.tr\/#website\",\"url\":\"https:\/\/www.anvil.com.tr\/\",\"name\":\"ANVIL\",\"description\":\"M\u00fchendislik &amp; Dan\u0131\u015fmanl\u0131k Limited \u015eirketi\",\"publisher\":{\"@id\":\"https:\/\/www.anvil.com.tr\/#organization\"},\"potentialAction\":[{\"@type\":\"SearchAction\",\"target\":{\"@type\":\"EntryPoint\",\"urlTemplate\":\"https:\/\/www.anvil.com.tr\/?s={search_term_string}\"},\"query-input\":\"required name=search_term_string\"}],\"inLanguage\":\"en-US\"},{\"@type\":\"Organization\",\"@id\":\"https:\/\/www.anvil.com.tr\/#organization\",\"name\":\"Teknik Pres Lazer Kesim San. ve Tic. Ltd. \u015eti.\",\"url\":\"https:\/\/www.anvil.com.tr\/\",\"logo\":{\"@type\":\"ImageObject\",\"inLanguage\":\"en-US\",\"@id\":\"https:\/\/www.anvil.com.tr\/#\/schema\/logo\/image\/\",\"url\":\"\",\"contentUrl\":\"\",\"caption\":\"Teknik Pres Lazer Kesim San. ve Tic. Ltd. \u015eti.\"},\"image\":{\"@id\":\"https:\/\/www.anvil.com.tr\/#\/schema\/logo\/image\/\"}}]}<\/script>\n<!-- \/ Yoast SEO plugin. -->","yoast_head_json":{"title":"About Us | ANVIL","description":"Anvil M\u00fchendislik, Paketleme makinesi, Dilimleme makinesi, Makine yedek par\u00e7a, Paketleme makine servisi, End\u00fcstriyel Terazi, Maske Makinesi","robots":{"index":"index","follow":"follow","max-snippet":"max-snippet:-1","max-image-preview":"max-image-preview:large","max-video-preview":"max-video-preview:-1"},"canonical":"https:\/\/www.anvil.com.tr\/en\/about-us\/","og_locale":"en_US","og_type":"article","og_title":"About Us | ANVIL","og_description":"Anvil M\u00fchendislik, Paketleme makinesi, Dilimleme makinesi, Makine yedek par\u00e7a, Paketleme makine servisi, End\u00fcstriyel Terazi, Maske Makinesi","og_url":"https:\/\/www.anvil.com.tr\/en\/about-us\/","og_site_name":"ANVIL","article_modified_time":"2021-06-10T11:05:13+00:00","twitter_card":"summary_large_image","twitter_misc":{"Est. reading time":"1 minute"},"schema":{"@context":"https:\/\/schema.org","@graph":[{"@type":"WebPage","@id":"https:\/\/www.anvil.com.tr\/en\/about-us\/","url":"https:\/\/www.anvil.com.tr\/en\/about-us\/","name":"About Us | ANVIL","isPartOf":{"@id":"https:\/\/www.anvil.com.tr\/#website"},"datePublished":"2021-06-10T11:00:43+00:00","dateModified":"2021-06-10T11:05:13+00:00","description":"Anvil M\u00fchendislik, Paketleme makinesi, Dilimleme makinesi, Makine yedek par\u00e7a, Paketleme makine servisi, End\u00fcstriyel Terazi, Maske Makinesi","breadcrumb":{"@id":"https:\/\/www.anvil.com.tr\/en\/about-us\/#breadcrumb"},"inLanguage":"en-US","potentialAction":[{"@type":"ReadAction","target":["https:\/\/www.anvil.com.tr\/en\/about-us\/"]}]},{"@type":"BreadcrumbList","@id":"https:\/\/www.anvil.com.tr\/en\/about-us\/#breadcrumb","itemListElement":[{"@type":"ListItem","position":1,"name":"Ana sayfa","item":"https:\/\/www.anvil.com.tr\/en\/"},{"@type":"ListItem","position":2,"name":"About Us"}]},{"@type":"WebSite","@id":"https:\/\/www.anvil.com.tr\/#website","url":"https:\/\/www.anvil.com.tr\/","name":"ANVIL","description":"M\u00fchendislik &amp; Dan\u0131\u015fmanl\u0131k Limited \u015eirketi","publisher":{"@id":"https:\/\/www.anvil.com.tr\/#organization"},"potentialAction":[{"@type":"SearchAction","target":{"@type":"EntryPoint","urlTemplate":"https:\/\/www.anvil.com.tr\/?s={search_term_string}"},"query-input":"required name=search_term_string"}],"inLanguage":"en-US"},{"@type":"Organization","@id":"https:\/\/www.anvil.com.tr\/#organization","name":"Teknik Pres Lazer Kesim San. ve Tic. Ltd. \u015eti.","url":"https:\/\/www.anvil.com.tr\/","logo":{"@type":"ImageObject","inLanguage":"en-US","@id":"https:\/\/www.anvil.com.tr\/#\/schema\/logo\/image\/","url":"","contentUrl":"","caption":"Teknik Pres Lazer Kesim San. ve Tic. Ltd. \u015eti."},"image":{"@id":"https:\/\/www.anvil.com.tr\/#\/schema\/logo\/image\/"}}]}},"_links":{"self":[{"href":"https:\/\/www.anvil.com.tr\/en\/wp-json\/wp\/v2\/pages\/602"}],"collection":[{"href":"https:\/\/www.anvil.com.tr\/en\/wp-json\/wp\/v2\/pages"}],"about":[{"href":"https:\/\/www.anvil.com.tr\/en\/wp-json\/wp\/v2\/types\/page"}],"author":[{"embeddable":true,"href":"https:\/\/www.anvil.com.tr\/en\/wp-json\/wp\/v2\/users\/1"}],"replies":[{"embeddable":true,"href":"https:\/\/www.anvil.com.tr\/en\/wp-json\/wp\/v2\/comments?post=602"}],"version-history":[{"count":4,"href":"https:\/\/www.anvil.com.tr\/en\/wp-json\/wp\/v2\/pages\/602\/revisions"}],"predecessor-version":[{"id":616,"href":"https:\/\/www.anvil.com.tr\/en\/wp-json\/wp\/v2\/pages\/602\/revisions\/616"}],"wp:attachment":[{"href":"https:\/\/www.anvil.com.tr\/en\/wp-json\/wp\/v2\/media?parent=602"}],"curies":[{"name":"wp","href":"https:\/\/api.w.org\/{rel}","templated":true}]}}