{"id":591,"date":"2021-06-10T14:00:02","date_gmt":"2021-06-10T11:00:02","guid":{"rendered":"https:\/\/www.anvil.com.tr\/teknik-servis\/"},"modified":"2021-06-10T14:12:00","modified_gmt":"2021-06-10T11:12:00","slug":"technical-service","status":"publish","type":"page","link":"https:\/\/www.anvil.com.tr\/en\/technical-service\/","title":{"rendered":"Technical Service"},"content":{"rendered":"\n  <div id=\"page-header-293037054\" class=\"page-header-wrapper\">\n  <div class=\"page-title dark featured-title\">\n\n        <div class=\"page-title-bg\">\n      <div class=\"title-bg fill bg-fill\"\n        data-parallax-container=\".page-title\"\n        data-parallax-background\n        data-parallax=\"-\">\n      <\/div>\n      <div class=\"title-overlay fill\"><\/div>\n    <\/div>\n    \n    <div class=\"page-title-inner container align-center flex-row medium-flex-wrap\" >\n              <div class=\"title-wrapper flex-col text-left medium-text-center\">\n          <h1 class=\"entry-title mb-0\">\n            Technical Service          <\/h1>\n        <\/div>\n                    <div class=\"title-content flex-col flex-right text-right medium-text-center\">\n        <div class=\"title-breadcrumbs pb-half pt-half\"><nav class=\"woocommerce-breadcrumb breadcrumbs uppercase\">Home<\/nav><\/div>      <\/div>\n    <\/div>\n\n     \n<style>\n#page-header-293037054 .page-title-inner {\n  min-height: 111px;\n}\n#page-header-293037054 .title-overlay {\n  background-color: rgb(72, 158, 216);\n}\n#page-header-293037054 {\n  background-color: rgb(255, 255, 255);\n}\n<\/style>\n  <\/div>\n    <\/div>\n  \n\n\t<section class=\"section\" id=\"section_25980923\">\n\t\t<div class=\"bg section-bg fill bg-fill  bg-loaded\" >\n\n\t\t\t\n\t\t\t\n\t\t\t\n\n\t\t<\/div>\n\n\t\t<div class=\"section-content relative\">\n\t\t\t\n\n<div class=\"row\"  id=\"row-1984900124\">\n\n\n\t<div id=\"col-703158693\" class=\"col medium-8 small-12 large-8\"  >\n\t\t<div class=\"col-inner\"  >\n\t\t\t\n\t\t\t\n\n<p>\u0130\u015fimizin sat\u0131\u015f yapt\u0131ktan sonra da devam etti\u011finin bilincinde olarak, makinelerinizin \u00f6m\u00fcr d\u00f6ng\u00fcs\u00fcn\u00fcn her a\u015famas\u0131nda do\u011fru ve uygun maliyetli deste\u011fi sunuyoruz.<br \/>\nBeklenmedik ar\u0131zalar\u0131n\u0131zda h\u0131zl\u0131 \u00e7\u00f6z\u00fcmlerle, \u00f6nleyici bak\u0131mlarla makine hatalar\u0131n\u0131 en aza indirerek ve personel e\u011fitimleriyle makinelerinizin en iyi performans ile size hizmet etmeye devam etmesini sa\u011fl\u0131yoruz.<\/p>\n\n\t\t<\/div>\n\t\t\t<\/div>\n\n\t\n\n\t<div id=\"col-124616754\" class=\"col medium-4 small-12 large-4\"  >\n\t\t<div class=\"col-inner\"  >\n\t\t\t\n\t\t\t\n\n\t<div class=\"img has-hover x md-x lg-x y md-y lg-y\" id=\"image_627596800\">\n\t\t\t\t\t\t\t\t<div class=\"img-inner dark\" >\n\t\t\t<img width=\"666\" height=\"444\" src=\"https:\/\/www.anvil.com.tr\/wp-content\/uploads\/2020\/09\/anvil44.jpg\" class=\"attachment-large size-large\" alt=\"\" loading=\"lazy\" srcset=\"https:\/\/www.anvil.com.tr\/wp-content\/uploads\/2020\/09\/anvil44.jpg 666w, https:\/\/www.anvil.com.tr\/wp-content\/uploads\/2020\/09\/anvil44-300x200.jpg 300w, https:\/\/www.anvil.com.tr\/wp-content\/uploads\/2020\/09\/anvil44-600x400.jpg 600w\" sizes=\"(max-width: 666px) 100vw, 666px\" \/>\t\t\t\t\t\t\n\t\t\t\t\t<\/div>\n\t\t\t\t\t\t\t\t\n<style>\n#image_627596800 {\n  width: 100%;\n}\n<\/style>\n\t<\/div>\n\t\n\n\n\t\t<\/div>\n\t\t\t<\/div>\n\n\t\n\n<\/div>\n\n\t\t<\/div>\n\n\t\t\n<style>\n#section_25980923 {\n  padding-top: 66px;\n  padding-bottom: 66px;\n}\n<\/style>\n\t<\/section>\n\t\n","protected":false},"excerpt":{"rendered":"","protected":false},"author":1,"featured_media":0,"parent":0,"menu_order":0,"comment_status":"closed","ping_status":"closed","template":"page-blank.php","meta":{"inline_featured_image":false},"yoast_head":"<!-- This site is optimized with the Yoast SEO plugin v21.5 - https:\/\/yoast.com\/wordpress\/plugins\/seo\/ -->\n<title>Technical Service | ANVIL<\/title>\n<meta name=\"robots\" content=\"index, follow, max-snippet:-1, max-image-preview:large, max-video-preview:-1\" \/>\n<link rel=\"canonical\" href=\"https:\/\/www.anvil.com.tr\/en\/technical-service\/\" \/>\n<meta property=\"og:locale\" content=\"en_US\" \/>\n<meta property=\"og:type\" content=\"article\" \/>\n<meta property=\"og:title\" content=\"Technical Service | ANVIL\" \/>\n<meta property=\"og:url\" content=\"https:\/\/www.anvil.com.tr\/en\/technical-service\/\" \/>\n<meta property=\"og:site_name\" content=\"ANVIL\" \/>\n<meta property=\"article:modified_time\" content=\"2021-06-10T11:12:00+00:00\" \/>\n<meta name=\"twitter:card\" content=\"summary_large_image\" \/>\n<script type=\"application\/ld+json\" class=\"yoast-schema-graph\">{\"@context\":\"https:\/\/schema.org\",\"@graph\":[{\"@type\":\"WebPage\",\"@id\":\"https:\/\/www.anvil.com.tr\/en\/technical-service\/\",\"url\":\"https:\/\/www.anvil.com.tr\/en\/technical-service\/\",\"name\":\"Technical Service | ANVIL\",\"isPartOf\":{\"@id\":\"https:\/\/www.anvil.com.tr\/#website\"},\"datePublished\":\"2021-06-10T11:00:02+00:00\",\"dateModified\":\"2021-06-10T11:12:00+00:00\",\"breadcrumb\":{\"@id\":\"https:\/\/www.anvil.com.tr\/en\/technical-service\/#breadcrumb\"},\"inLanguage\":\"en-US\",\"potentialAction\":[{\"@type\":\"ReadAction\",\"target\":[\"https:\/\/www.anvil.com.tr\/en\/technical-service\/\"]}]},{\"@type\":\"BreadcrumbList\",\"@id\":\"https:\/\/www.anvil.com.tr\/en\/technical-service\/#breadcrumb\",\"itemListElement\":[{\"@type\":\"ListItem\",\"position\":1,\"name\":\"Ana sayfa\",\"item\":\"https:\/\/www.anvil.com.tr\/en\/\"},{\"@type\":\"ListItem\",\"position\":2,\"name\":\"Technical Service\"}]},{\"@type\":\"WebSite\",\"@id\":\"https:\/\/www.anvil.com.tr\/#website\",\"url\":\"https:\/\/www.anvil.com.tr\/\",\"name\":\"ANVIL\",\"description\":\"M\u00fchendislik &amp; Dan\u0131\u015fmanl\u0131k Limited \u015eirketi\",\"publisher\":{\"@id\":\"https:\/\/www.anvil.com.tr\/#organization\"},\"potentialAction\":[{\"@type\":\"SearchAction\",\"target\":{\"@type\":\"EntryPoint\",\"urlTemplate\":\"https:\/\/www.anvil.com.tr\/?s={search_term_string}\"},\"query-input\":\"required name=search_term_string\"}],\"inLanguage\":\"en-US\"},{\"@type\":\"Organization\",\"@id\":\"https:\/\/www.anvil.com.tr\/#organization\",\"name\":\"Teknik Pres Lazer Kesim San. ve Tic. Ltd. \u015eti.\",\"url\":\"https:\/\/www.anvil.com.tr\/\",\"logo\":{\"@type\":\"ImageObject\",\"inLanguage\":\"en-US\",\"@id\":\"https:\/\/www.anvil.com.tr\/#\/schema\/logo\/image\/\",\"url\":\"\",\"contentUrl\":\"\",\"caption\":\"Teknik Pres Lazer Kesim San. ve Tic. Ltd. \u015eti.\"},\"image\":{\"@id\":\"https:\/\/www.anvil.com.tr\/#\/schema\/logo\/image\/\"}}]}<\/script>\n<!-- \/ Yoast SEO plugin. -->","yoast_head_json":{"title":"Technical Service | ANVIL","robots":{"index":"index","follow":"follow","max-snippet":"max-snippet:-1","max-image-preview":"max-image-preview:large","max-video-preview":"max-video-preview:-1"},"canonical":"https:\/\/www.anvil.com.tr\/en\/technical-service\/","og_locale":"en_US","og_type":"article","og_title":"Technical Service | ANVIL","og_url":"https:\/\/www.anvil.com.tr\/en\/technical-service\/","og_site_name":"ANVIL","article_modified_time":"2021-06-10T11:12:00+00:00","twitter_card":"summary_large_image","schema":{"@context":"https:\/\/schema.org","@graph":[{"@type":"WebPage","@id":"https:\/\/www.anvil.com.tr\/en\/technical-service\/","url":"https:\/\/www.anvil.com.tr\/en\/technical-service\/","name":"Technical Service | ANVIL","isPartOf":{"@id":"https:\/\/www.anvil.com.tr\/#website"},"datePublished":"2021-06-10T11:00:02+00:00","dateModified":"2021-06-10T11:12:00+00:00","breadcrumb":{"@id":"https:\/\/www.anvil.com.tr\/en\/technical-service\/#breadcrumb"},"inLanguage":"en-US","potentialAction":[{"@type":"ReadAction","target":["https:\/\/www.anvil.com.tr\/en\/technical-service\/"]}]},{"@type":"BreadcrumbList","@id":"https:\/\/www.anvil.com.tr\/en\/technical-service\/#breadcrumb","itemListElement":[{"@type":"ListItem","position":1,"name":"Ana sayfa","item":"https:\/\/www.anvil.com.tr\/en\/"},{"@type":"ListItem","position":2,"name":"Technical Service"}]},{"@type":"WebSite","@id":"https:\/\/www.anvil.com.tr\/#website","url":"https:\/\/www.anvil.com.tr\/","name":"ANVIL","description":"M\u00fchendislik &amp; Dan\u0131\u015fmanl\u0131k Limited \u015eirketi","publisher":{"@id":"https:\/\/www.anvil.com.tr\/#organization"},"potentialAction":[{"@type":"SearchAction","target":{"@type":"EntryPoint","urlTemplate":"https:\/\/www.anvil.com.tr\/?s={search_term_string}"},"query-input":"required name=search_term_string"}],"inLanguage":"en-US"},{"@type":"Organization","@id":"https:\/\/www.anvil.com.tr\/#organization","name":"Teknik Pres Lazer Kesim San. ve Tic. Ltd. \u015eti.","url":"https:\/\/www.anvil.com.tr\/","logo":{"@type":"ImageObject","inLanguage":"en-US","@id":"https:\/\/www.anvil.com.tr\/#\/schema\/logo\/image\/","url":"","contentUrl":"","caption":"Teknik Pres Lazer Kesim San. ve Tic. Ltd. \u015eti."},"image":{"@id":"https:\/\/www.anvil.com.tr\/#\/schema\/logo\/image\/"}}]}},"_links":{"self":[{"href":"https:\/\/www.anvil.com.tr\/en\/wp-json\/wp\/v2\/pages\/591"}],"collection":[{"href":"https:\/\/www.anvil.com.tr\/en\/wp-json\/wp\/v2\/pages"}],"about":[{"href":"https:\/\/www.anvil.com.tr\/en\/wp-json\/wp\/v2\/types\/page"}],"author":[{"embeddable":true,"href":"https:\/\/www.anvil.com.tr\/en\/wp-json\/wp\/v2\/users\/1"}],"replies":[{"embeddable":true,"href":"https:\/\/www.anvil.com.tr\/en\/wp-json\/wp\/v2\/comments?post=591"}],"version-history":[{"count":5,"href":"https:\/\/www.anvil.com.tr\/en\/wp-json\/wp\/v2\/pages\/591\/revisions"}],"predecessor-version":[{"id":620,"href":"https:\/\/www.anvil.com.tr\/en\/wp-json\/wp\/v2\/pages\/591\/revisions\/620"}],"wp:attachment":[{"href":"https:\/\/www.anvil.com.tr\/en\/wp-json\/wp\/v2\/media?parent=591"}],"curies":[{"name":"wp","href":"https:\/\/api.w.org\/{rel}","templated":true}]}}