{"id":566,"date":"2020-09-05T16:08:22","date_gmt":"2020-09-05T13:08:22","guid":{"rendered":"https:\/\/www.anvil.com.tr\/iletisim\/"},"modified":"2021-07-23T13:44:34","modified_gmt":"2021-07-23T10:44:34","slug":"contact-us","status":"publish","type":"page","link":"https:\/\/www.anvil.com.tr\/en\/contact-us\/","title":{"rendered":"Contact Us"},"content":{"rendered":"\n  <div id=\"page-header-837639143\" class=\"page-header-wrapper\">\n  <div class=\"page-title dark featured-title\">\n\n        <div class=\"page-title-bg\">\n      <div class=\"title-bg fill bg-fill\"\n        data-parallax-container=\".page-title\"\n        data-parallax-background\n        data-parallax=\"-\">\n      <\/div>\n      <div class=\"title-overlay fill\"><\/div>\n    <\/div>\n    \n    <div class=\"page-title-inner container align-center flex-row medium-flex-wrap\" >\n              <div class=\"title-wrapper flex-col text-left medium-text-center\">\n          <h1 class=\"entry-title mb-0\">\n            Contact Us          <\/h1>\n        <\/div>\n                    <div class=\"title-content flex-col flex-right text-right medium-text-center\">\n        <div class=\"title-breadcrumbs pb-half pt-half\"><nav class=\"woocommerce-breadcrumb breadcrumbs uppercase\">Home<\/nav><\/div>      <\/div>\n    <\/div>\n\n     \n<style>\n#page-header-837639143 .page-title-inner {\n  min-height: 111px;\n}\n#page-header-837639143 .title-overlay {\n  background-color: rgb(72, 158, 216);\n}\n#page-header-837639143 {\n  background-color: rgb(255, 255, 255);\n}\n<\/style>\n  <\/div>\n    <\/div>\n  \n\n\t<section class=\"section\" id=\"section_285332321\">\n\t\t<div class=\"bg section-bg fill bg-fill  bg-loaded\" >\n\n\t\t\t\n\t\t\t\n\t\t\t\n\n\t\t<\/div>\n\n\t\t<div class=\"section-content relative\">\n\t\t\t\n\n<div class=\"row\"  id=\"row-1408957962\">\n\n\n\t<div id=\"col-1005171818\" class=\"col medium-6 small-12 large-6\"  >\n\t\t<div class=\"col-inner\"  >\n\t\t\t\n\t\t\t\n\n<div class=\"container section-title-container\" ><h3 class=\"section-title section-title-normal\"><b><\/b><span class=\"section-title-main\" >Bize Ula\u015f\u0131n<\/span><b><\/b><\/h3><\/div>\n\n\n\t\t<div class=\"icon-box featured-box icon-box-left text-left\"  >\n\t\t\t\t\t<div class=\"icon-box-img\" style=\"width: 22px\">\n\t\t\t\t<div class=\"icon\">\n\t\t\t\t\t<div class=\"icon-inner\" >\n\t\t\t\t\t\t<?xml version=\"1.0\" encoding=\"iso-8859-1\"?>\r\n<!-- Generator: Adobe Illustrator 19.0.0, SVG Export Plug-In . SVG Version: 6.00 Build 0)  -->\r\n<svg version=\"1.1\" id=\"Layer_1\" xmlns=\"http:\/\/www.w3.org\/2000\/svg\" xmlns:xlink=\"http:\/\/www.w3.org\/1999\/xlink\" x=\"0px\" y=\"0px\"\r\n\t viewBox=\"0 0 512 512\" style=\"enable-background:new 0 0 512 512;\" xml:space=\"preserve\">\r\n<g>\r\n\t<g>\r\n\t\t<path d=\"M256,0C161.896,0,85.333,76.563,85.333,170.667c0,28.25,7.063,56.26,20.49,81.104L246.667,506.5\r\n\t\t\tc1.875,3.396,5.448,5.5,9.333,5.5s7.458-2.104,9.333-5.5l140.896-254.813c13.375-24.76,20.438-52.771,20.438-81.021\r\n\t\t\tC426.667,76.563,350.104,0,256,0z M256,256c-47.052,0-85.333-38.281-85.333-85.333c0-47.052,38.281-85.333,85.333-85.333\r\n\t\t\ts85.333,38.281,85.333,85.333C341.333,217.719,303.052,256,256,256z\"\/>\r\n\t<\/g>\r\n<\/g>\r\n<g>\r\n<\/g>\r\n<g>\r\n<\/g>\r\n<g>\r\n<\/g>\r\n<g>\r\n<\/g>\r\n<g>\r\n<\/g>\r\n<g>\r\n<\/g>\r\n<g>\r\n<\/g>\r\n<g>\r\n<\/g>\r\n<g>\r\n<\/g>\r\n<g>\r\n<\/g>\r\n<g>\r\n<\/g>\r\n<g>\r\n<\/g>\r\n<g>\r\n<\/g>\r\n<g>\r\n<\/g>\r\n<g>\r\n<\/g>\r\n<\/svg>\r\n\t\t\t\t\t<\/div>\n\t\t\t\t<\/div>\n\t\t\t<\/div>\n\t\t\t\t<div class=\"icon-box-text last-reset\">\n\t\t\t\t\t\t\t\t\t\n\n<div class=\"icon-box featured-box icon-box-left text-left\">\n<div class=\"icon-box-text last-reset\">\n<div class=\"icon-box featured-box icon-box-left text-left\">\n<div class=\"icon-box-text last-reset\">\n<div class=\"icon-box featured-box icon-box-left text-left\">\n<div class=\"icon-box-text last-reset\">\n<p>Konaklar Mahallesi Ak\u00e7am Caddesi No:19 D: 8 Be\u015fikta\u015f \/ \u0130STANBUL<\/p>\n<\/div>\n<\/div>\n<\/div>\n<\/div>\n<\/div>\n<\/div>\n\n\t\t<\/div>\n\t<\/div>\n\t\n\t\n\t<div id=\"gap-2021344503\" class=\"gap-element clearfix\" style=\"display:block; height:auto;\">\n\t\t\n<style>\n#gap-2021344503 {\n  padding-top: 11px;\n}\n<\/style>\n\t<\/div>\n\t\n\n<div class=\"row row-collapse\"  id=\"row-458100129\">\n\n\n\t<div id=\"col-604199322\" class=\"col medium-6 small-12 large-6\"  >\n\t\t<div class=\"col-inner\"  >\n\t\t\t\n\t\t\t\n\n\n\t\t<div class=\"icon-box featured-box icon-box-left text-left\"  >\n\t\t\t\t\t<div class=\"icon-box-img\" style=\"width: 22px\">\n\t\t\t\t<div class=\"icon\">\n\t\t\t\t\t<div class=\"icon-inner\" >\n\t\t\t\t\t\t<?xml version=\"1.0\" encoding=\"iso-8859-1\"?>\r\n<!-- Generator: Adobe Illustrator 19.0.0, SVG Export Plug-In . SVG Version: 6.00 Build 0)  -->\r\n<svg version=\"1.1\" id=\"Capa_1\" xmlns=\"http:\/\/www.w3.org\/2000\/svg\" xmlns:xlink=\"http:\/\/www.w3.org\/1999\/xlink\" x=\"0px\" y=\"0px\"\r\n\t viewBox=\"0 0 512.006 512.006\" style=\"enable-background:new 0 0 512.006 512.006;\" xml:space=\"preserve\">\r\n<g>\r\n\t<g>\r\n\t\t<g>\r\n\t\t\t<path d=\"M502.05,407.127l-56.761-37.844L394.83,335.65c-9.738-6.479-22.825-4.355-30.014,4.873l-31.223,40.139\r\n\t\t\t\tc-6.707,8.71-18.772,11.213-28.39,5.888c-21.186-11.785-46.239-22.881-101.517-78.23c-55.278-55.349-66.445-80.331-78.23-101.517\r\n\t\t\t\tc-5.325-9.618-2.822-21.683,5.888-28.389l40.139-31.223c9.227-7.188,11.352-20.275,4.873-30.014l-32.6-48.905L104.879,9.956\r\n\t\t\t\tC98.262,0.03,85.016-2.95,74.786,3.185L29.95,30.083C17.833,37.222,8.926,48.75,5.074,62.277\r\n\t\t\t\tC-7.187,106.98-9.659,205.593,148.381,363.633s256.644,155.56,301.347,143.298c13.527-3.851,25.055-12.758,32.194-24.876\r\n\t\t\t\tl26.898-44.835C514.956,426.989,511.976,413.744,502.05,407.127z\"\/>\r\n\t\t\t<path d=\"M291.309,79.447c82.842,0.092,149.977,67.226,150.069,150.069c0,4.875,3.952,8.828,8.828,8.828\r\n\t\t\t\tc4.875,0,8.828-3.952,8.828-8.828c-0.102-92.589-75.135-167.622-167.724-167.724c-4.875,0-8.828,3.952-8.828,8.828\r\n\t\t\t\tC282.481,75.494,286.433,79.447,291.309,79.447z\"\/>\r\n\t\t\t<path d=\"M291.309,132.412c53.603,0.063,97.04,43.501,97.103,97.103c0,4.875,3.952,8.828,8.828,8.828\r\n\t\t\t\tc4.875,0,8.828-3.952,8.828-8.828c-0.073-63.349-51.409-114.686-114.759-114.759c-4.875,0-8.828,3.952-8.828,8.828\r\n\t\t\t\tC282.481,128.46,286.433,132.412,291.309,132.412z\"\/>\r\n\t\t\t<path d=\"M291.309,185.378c24.365,0.029,44.109,19.773,44.138,44.138c0,4.875,3.952,8.828,8.828,8.828\r\n\t\t\t\tc4.875,0,8.828-3.952,8.828-8.828c-0.039-34.111-27.682-61.754-61.793-61.793c-4.875,0-8.828,3.952-8.828,8.828\r\n\t\t\t\tC282.481,181.426,286.433,185.378,291.309,185.378z\"\/>\r\n\t\t<\/g>\r\n\t<\/g>\r\n<\/g>\r\n<g>\r\n<\/g>\r\n<g>\r\n<\/g>\r\n<g>\r\n<\/g>\r\n<g>\r\n<\/g>\r\n<g>\r\n<\/g>\r\n<g>\r\n<\/g>\r\n<g>\r\n<\/g>\r\n<g>\r\n<\/g>\r\n<g>\r\n<\/g>\r\n<g>\r\n<\/g>\r\n<g>\r\n<\/g>\r\n<g>\r\n<\/g>\r\n<g>\r\n<\/g>\r\n<g>\r\n<\/g>\r\n<g>\r\n<\/g>\r\n<\/svg>\r\n\t\t\t\t\t<\/div>\n\t\t\t\t<\/div>\n\t\t\t<\/div>\n\t\t\t\t<div class=\"icon-box-text last-reset\">\n\t\t\t\t\t\t\t\t\t\n\n<div class=\"icon-box featured-box icon-box-left text-left\">\n<div class=\"icon-box-text last-reset\">\n<p>0212 220 06 50<\/p>\n<\/div>\n<\/div>\n\n\t\t<\/div>\n\t<\/div>\n\t\n\t\n\n\t\t<\/div>\n\t\t\t<\/div>\n\n\t\n\n\t<div id=\"col-1650677742\" class=\"col medium-6 small-12 large-6\"  >\n\t\t<div class=\"col-inner\"  >\n\t\t\t\n\t\t\t\n\n\n\t\t<div class=\"icon-box featured-box icon-box-left text-left\"  >\n\t\t\t\t\t<div class=\"icon-box-img\" style=\"width: 22px\">\n\t\t\t\t<div class=\"icon\">\n\t\t\t\t\t<div class=\"icon-inner\" >\n\t\t\t\t\t\t<?xml version=\"1.0\" encoding=\"iso-8859-1\"?>\r\n<!-- Generator: Adobe Illustrator 19.0.0, SVG Export Plug-In . SVG Version: 6.00 Build 0)  -->\r\n<svg version=\"1.1\" id=\"Layer_1\" xmlns=\"http:\/\/www.w3.org\/2000\/svg\" xmlns:xlink=\"http:\/\/www.w3.org\/1999\/xlink\" x=\"0px\" y=\"0px\"\r\n\t viewBox=\"0 0 503.604 503.604\" style=\"enable-background:new 0 0 503.604 503.604;\" xml:space=\"preserve\">\r\n<g>\r\n\t<g>\r\n\t\t<path d=\"M337.324,0H167.192c-28.924,0-53.5,23.584-53.5,52.5v398.664c0,28.916,24.056,52.44,52.98,52.44l170.412-0.184\r\n\t\t\tc28.92,0,52.58-23.528,52.58-52.448l0.248-398.5C389.908,23.452,366.364,0,337.324,0z M227.68,31.476h49.36\r\n\t\t\tc4.336,0,7.868,3.52,7.868,7.868c0,4.348-3.532,7.868-7.868,7.868h-49.36c-4.348,0-7.868-3.52-7.868-7.868\r\n\t\t\tC219.812,34.996,223.332,31.476,227.68,31.476z M198.02,33.98c2.916-2.912,8.224-2.952,11.136,0c1.46,1.456,2.324,3.5,2.324,5.588\r\n\t\t\tc0,2.048-0.864,4.088-2.324,5.548c-1.452,1.46-3.504,2.32-5.548,2.32c-2.084,0-4.088-0.86-5.588-2.32\r\n\t\t\tc-1.452-1.456-2.28-3.5-2.28-5.548C195.736,37.48,196.568,35.436,198.02,33.98z M250.772,488.008\r\n\t\t\tc-12.984,0-23.544-10.568-23.544-23.548c0-12.984,10.56-23.548,23.544-23.548s23.544,10.564,23.544,23.548\r\n\t\t\tC274.316,477.44,263.752,488.008,250.772,488.008z M365.488,424.908H141.232V74.756h224.256V424.908z\"\/>\r\n\t<\/g>\r\n<\/g>\r\n<g>\r\n<\/g>\r\n<g>\r\n<\/g>\r\n<g>\r\n<\/g>\r\n<g>\r\n<\/g>\r\n<g>\r\n<\/g>\r\n<g>\r\n<\/g>\r\n<g>\r\n<\/g>\r\n<g>\r\n<\/g>\r\n<g>\r\n<\/g>\r\n<g>\r\n<\/g>\r\n<g>\r\n<\/g>\r\n<g>\r\n<\/g>\r\n<g>\r\n<\/g>\r\n<g>\r\n<\/g>\r\n<g>\r\n<\/g>\r\n<\/svg>\r\n\t\t\t\t\t<\/div>\n\t\t\t\t<\/div>\n\t\t\t<\/div>\n\t\t\t\t<div class=\"icon-box-text last-reset\">\n\t\t\t\t\t\t\t\t\t\n\n<div class=\"icon-box featured-box icon-box-left text-left\">\n<div class=\"icon-box-text last-reset\">\n<p>0532 689 27 52<\/p>\n<\/div>\n<\/div>\n\n\t\t<\/div>\n\t<\/div>\n\t\n\t\n\n\t\t<\/div>\n\t\t\t<\/div>\n\n\t\n\n<\/div>\n\t<div id=\"gap-100013034\" class=\"gap-element clearfix\" style=\"display:block; height:auto;\">\n\t\t\n<style>\n#gap-100013034 {\n  padding-top: 11px;\n}\n<\/style>\n\t<\/div>\n\t\n\n<div class=\"row row-collapse\"  id=\"row-1897553364\">\n\n\n\t<div id=\"col-1288415610\" class=\"col medium-6 small-12 large-6\"  >\n\t\t<div class=\"col-inner\"  >\n\t\t\t\n\t\t\t\n\n\n\t\t<div class=\"icon-box featured-box icon-box-left text-left\"  >\n\t\t\t\t\t<div class=\"icon-box-img\" style=\"width: 22px\">\n\t\t\t\t<div class=\"icon\">\n\t\t\t\t\t<div class=\"icon-inner\" >\n\t\t\t\t\t\t<?xml version=\"1.0\" encoding=\"iso-8859-1\"?>\r\n<!-- Generator: Adobe Illustrator 19.0.0, SVG Export Plug-In . SVG Version: 6.00 Build 0)  -->\r\n<svg version=\"1.1\" id=\"Layer_1\" xmlns=\"http:\/\/www.w3.org\/2000\/svg\" xmlns:xlink=\"http:\/\/www.w3.org\/1999\/xlink\" x=\"0px\" y=\"0px\"\r\n\t viewBox=\"0 0 512 512\" style=\"enable-background:new 0 0 512 512;\" xml:space=\"preserve\">\r\n<g>\r\n\t<g>\r\n\t\t<g>\r\n\t\t\t<path d=\"M10.688,95.156C80.958,154.667,204.26,259.365,240.5,292.01c4.865,4.406,10.083,6.646,15.5,6.646\r\n\t\t\t\tc5.406,0,10.615-2.219,15.469-6.604c36.271-32.677,159.573-137.385,229.844-196.896c4.375-3.698,5.042-10.198,1.5-14.719\r\n\t\t\t\tC494.625,69.99,482.417,64,469.333,64H42.667c-13.083,0-25.292,5.99-33.479,16.438C5.646,84.958,6.313,91.458,10.688,95.156z\"\/>\r\n\t\t\t<path d=\"M505.813,127.406c-3.781-1.76-8.229-1.146-11.375,1.542C416.51,195.01,317.052,279.688,285.76,307.885\r\n\t\t\t\tc-17.563,15.854-41.938,15.854-59.542-0.021c-33.354-30.052-145.042-125-208.656-178.917c-3.167-2.688-7.625-3.281-11.375-1.542\r\n\t\t\t\tC2.417,129.156,0,132.927,0,137.083v268.25C0,428.865,19.135,448,42.667,448h426.667C492.865,448,512,428.865,512,405.333\r\n\t\t\t\tv-268.25C512,132.927,509.583,129.146,505.813,127.406z\"\/>\r\n\t\t<\/g>\r\n\t<\/g>\r\n<\/g>\r\n<g>\r\n<\/g>\r\n<g>\r\n<\/g>\r\n<g>\r\n<\/g>\r\n<g>\r\n<\/g>\r\n<g>\r\n<\/g>\r\n<g>\r\n<\/g>\r\n<g>\r\n<\/g>\r\n<g>\r\n<\/g>\r\n<g>\r\n<\/g>\r\n<g>\r\n<\/g>\r\n<g>\r\n<\/g>\r\n<g>\r\n<\/g>\r\n<g>\r\n<\/g>\r\n<g>\r\n<\/g>\r\n<g>\r\n<\/g>\r\n<\/svg>\r\n\t\t\t\t\t<\/div>\n\t\t\t\t<\/div>\n\t\t\t<\/div>\n\t\t\t\t<div class=\"icon-box-text last-reset\">\n\t\t\t\t\t\t\t\t\t\n\n<p>info@anvil.com.tr<\/p>\n\n\t\t<\/div>\n\t<\/div>\n\t\n\t\n\n\t\t<\/div>\n\t\t\t<\/div>\n\n\t\n\n\t<div id=\"col-1825659914\" class=\"col medium-6 small-12 large-6\"  >\n\t\t<div class=\"col-inner\"  >\n\t\t\t\n\t\t\t\n\n\n\t\t<div class=\"icon-box featured-box icon-box-left text-left\"  >\n\t\t\t\t\t<div class=\"icon-box-img\" style=\"width: 22px\">\n\t\t\t\t<div class=\"icon\">\n\t\t\t\t\t<div class=\"icon-inner\" >\n\t\t\t\t\t\t<svg id=\"Layer_1\" enable-background=\"new 0 0 512.418 512.418\" height=\"512\" viewBox=\"0 0 512.418 512.418\" width=\"512\" xmlns=\"http:\/\/www.w3.org\/2000\/svg\"><path d=\"m437.335 75.082c-100.1-100.102-262.136-100.118-362.252 0-100.103 100.102-100.118 262.136 0 362.253 100.1 100.102 262.136 100.117 362.252 0 100.103-100.102 100.117-262.136 0-362.253zm-10.706 325.739c-11.968-10.702-24.77-20.173-38.264-28.335 8.919-30.809 14.203-64.712 15.452-99.954h75.309c-3.405 47.503-21.657 92.064-52.497 128.289zm-393.338-128.289h75.309c1.249 35.242 6.533 69.145 15.452 99.954-13.494 8.162-26.296 17.633-38.264 28.335-30.84-36.225-49.091-80.786-52.497-128.289zm52.498-160.936c11.968 10.702 24.77 20.173 38.264 28.335-8.919 30.809-14.203 64.712-15.452 99.954h-75.31c3.406-47.502 21.657-92.063 52.498-128.289zm154.097 31.709c-26.622-1.904-52.291-8.461-76.088-19.278 13.84-35.639 39.354-78.384 76.088-88.977zm0 32.708v63.873h-98.625c1.13-29.812 5.354-58.439 12.379-84.632 27.043 11.822 56.127 18.882 86.246 20.759zm0 96.519v63.873c-30.119 1.877-59.203 8.937-86.246 20.759-7.025-26.193-11.249-54.82-12.379-84.632zm0 96.581v108.254c-36.732-10.593-62.246-53.333-76.088-88.976 23.797-10.817 49.466-17.374 76.088-19.278zm32.646 0c26.622 1.904 52.291 8.461 76.088 19.278-13.841 35.64-39.354 78.383-76.088 88.976zm0-32.708v-63.873h98.625c-1.13 29.812-5.354 58.439-12.379 84.632-27.043-11.822-56.127-18.882-86.246-20.759zm0-96.519v-63.873c30.119-1.877 59.203-8.937 86.246-20.759 7.025 26.193 11.249 54.82 12.379 84.632zm0-96.581v-108.254c36.734 10.593 62.248 53.338 76.088 88.977-23.797 10.816-49.466 17.373-76.088 19.277zm73.32-91.957c20.895 9.15 40.389 21.557 57.864 36.951-8.318 7.334-17.095 13.984-26.26 19.931-8.139-20.152-18.536-39.736-31.604-56.882zm-210.891 56.882c-9.165-5.947-17.941-12.597-26.26-19.931 17.475-15.394 36.969-27.801 57.864-36.951-13.068 17.148-23.465 36.732-31.604 56.882zm.001 295.958c8.138 20.151 18.537 39.736 31.604 56.882-20.895-9.15-40.389-21.557-57.864-36.951 8.318-7.334 17.095-13.984 26.26-19.931zm242.494 0c9.165 5.947 17.942 12.597 26.26 19.93-17.475 15.394-36.969 27.801-57.864 36.951 13.067-17.144 23.465-36.729 31.604-56.881zm26.362-164.302c-1.249-35.242-6.533-69.146-15.452-99.954 13.494-8.162 26.295-17.633 38.264-28.335 30.84 36.225 49.091 80.786 52.497 128.289z\"\/><\/svg>\t\t\t\t\t<\/div>\n\t\t\t\t<\/div>\n\t\t\t<\/div>\n\t\t\t\t<div class=\"icon-box-text last-reset\">\n\t\t\t\t\t\t\t\t\t\n\n<p>www.anvil.com.tr<\/p>\n\n\t\t<\/div>\n\t<\/div>\n\t\n\t\n\n\t\t<\/div>\n\t\t\t<\/div>\n\n\t\n\n<\/div>\n\n\t\t<\/div>\n\t\t\t<\/div>\n\n\t\n\n\t<div id=\"col-1771272650\" class=\"col medium-6 small-12 large-6\"  >\n\t\t<div class=\"col-inner\"  >\n\t\t\t\n\t\t\t\n\n<div class=\"container section-title-container\" ><h3 class=\"section-title section-title-normal\"><b><\/b><span class=\"section-title-main\" >Contact Form<\/span><b><\/b><\/h3><\/div>\n\n\n<div class=\"wpcf7 no-js\" id=\"wpcf7-f140-o1\" lang=\"tr-TR\" dir=\"ltr\">\n<div class=\"screen-reader-response\"><p role=\"status\" aria-live=\"polite\" aria-atomic=\"true\"><\/p> <ul><\/ul><\/div>\n<form action=\"\/en\/wp-json\/wp\/v2\/pages\/566#wpcf7-f140-o1\" method=\"post\" class=\"wpcf7-form init\" aria-label=\"Contact form\" novalidate=\"novalidate\" data-status=\"init\">\n<div style=\"display: none;\">\n<input type=\"hidden\" name=\"_wpcf7\" value=\"140\" \/>\n<input type=\"hidden\" name=\"_wpcf7_version\" value=\"5.8.2\" \/>\n<input type=\"hidden\" name=\"_wpcf7_locale\" value=\"tr_TR\" \/>\n<input type=\"hidden\" name=\"_wpcf7_unit_tag\" value=\"wpcf7-f140-o1\" \/>\n<input type=\"hidden\" name=\"_wpcf7_container_post\" value=\"0\" \/>\n<input type=\"hidden\" name=\"_wpcf7_posted_data_hash\" value=\"\" \/>\n<\/div>\n<p><span class=\"wpcf7-form-control-wrap\" data-name=\"your-name\"><input size=\"40\" class=\"wpcf7-form-control wpcf7-text wpcf7-validates-as-required\" aria-required=\"true\" aria-invalid=\"false\" placeholder=\"Ad\u0131n\u0131z Soyad\u0131n\u0131z (*)\" value=\"\" type=\"text\" name=\"your-name\" \/><\/span>\n<\/p>\n<p><span class=\"wpcf7-form-control-wrap\" data-name=\"your-email\"><input size=\"40\" class=\"wpcf7-form-control wpcf7-email wpcf7-validates-as-required wpcf7-text wpcf7-validates-as-email\" aria-required=\"true\" aria-invalid=\"false\" placeholder=\"Mail adresiniz (*)\" value=\"\" type=\"email\" name=\"your-email\" \/><\/span>\n<\/p>\n<p><span class=\"wpcf7-form-control-wrap\" data-name=\"your-subject\"><input size=\"40\" class=\"wpcf7-form-control wpcf7-text\" aria-invalid=\"false\" placeholder=\"Konu\" value=\"\" type=\"text\" name=\"your-subject\" \/><\/span>\n<\/p>\n<p><span class=\"wpcf7-form-control-wrap\" data-name=\"your-message\"><textarea cols=\"40\" rows=\"10\" class=\"wpcf7-form-control wpcf7-textarea\" aria-invalid=\"false\" placeholder=\"\u0130letiniz\" name=\"your-message\"><\/textarea><\/span>\n<\/p>\n<p><span class=\"wpcf7-form-control-wrap\" data-name=\"quiz-852\"><label><span class=\"wpcf7-quiz-label\">1+1=?<\/span> <input size=\"40\" class=\"wpcf7-form-control wpcf7-quiz\" autocomplete=\"off\" aria-required=\"true\" aria-invalid=\"false\" type=\"text\" name=\"quiz-852\" \/><\/label><input type=\"hidden\" name=\"_wpcf7_quiz_answer_quiz-852\" value=\"82145360ffa22e5d332ea0c2a45e9709\" \/><\/span>\n<\/p>\n<p><input class=\"wpcf7-form-control wpcf7-submit has-spinner\" type=\"submit\" value=\"G\u00f6nder\" \/>\n<\/p><div class=\"wpcf7-response-output\" aria-hidden=\"true\"><\/div>\n<\/form>\n<\/div>\n\n\n\n\t\t<\/div>\n\t\t\t<\/div>\n\n\t\n\n<\/div>\n\n\t\t<\/div>\n\n\t\t\n<style>\n#section_285332321 {\n  padding-top: 66px;\n  padding-bottom: 66px;\n}\n<\/style>\n\t<\/section>\n\t\n<p><iframe src=\"https:\/\/www.google.com\/maps\/embed?pb=!1m14!1m8!1m3!1d2168.5515867645536!2d29.008919697172352!3d41.08676355135726!3m2!1i1024!2i768!4f13.1!3m3!1m2!1s0x14cab6655afc2b19%3A0xc6d3492d0f4d06ec!2zS29uYWtsYXIsIEFrw6dhbSBDZCBObzoxOSBEOjgsIDM0MzMwIEJlxZ9pa3RhxZ8vxLBzdGFuYnVs!5e0!3m2!1str!2str!4v1599825502020!5m2!1str!2str\" width=\"1920\" height=\"600\" frameborder=\"0\" style=\"border:0;\" allowfullscreen=\"\" aria-hidden=\"false\" tabindex=\"0\"><\/iframe><\/p>\n\n\n","protected":false},"excerpt":{"rendered":"","protected":false},"author":1,"featured_media":0,"parent":0,"menu_order":0,"comment_status":"closed","ping_status":"closed","template":"page-blank.php","meta":{"inline_featured_image":false},"yoast_head":"<!-- This site is optimized with the Yoast SEO plugin v21.5 - https:\/\/yoast.com\/wordpress\/plugins\/seo\/ -->\n<title>Contact Us | ANVIL<\/title>\n<meta name=\"description\" content=\"Anvil M\u00fchendislik, Paketleme makinesi, Dilimleme makinesi, Makine yedek par\u00e7a, Paketleme makine servisi, End\u00fcstriyel Terazi, Maske Makinesi\" \/>\n<meta name=\"robots\" content=\"index, follow, max-snippet:-1, max-image-preview:large, max-video-preview:-1\" \/>\n<link rel=\"canonical\" href=\"https:\/\/www.anvil.com.tr\/en\/contact-us\/\" \/>\n<meta property=\"og:locale\" content=\"en_US\" \/>\n<meta property=\"og:type\" content=\"article\" \/>\n<meta property=\"og:title\" content=\"Contact Us | ANVIL\" \/>\n<meta property=\"og:description\" content=\"Anvil M\u00fchendislik, Paketleme makinesi, Dilimleme makinesi, Makine yedek par\u00e7a, Paketleme makine servisi, End\u00fcstriyel Terazi, Maske Makinesi\" \/>\n<meta property=\"og:url\" content=\"https:\/\/www.anvil.com.tr\/en\/contact-us\/\" \/>\n<meta property=\"og:site_name\" content=\"ANVIL\" \/>\n<meta property=\"article:modified_time\" content=\"2021-07-23T10:44:34+00:00\" \/>\n<meta name=\"twitter:card\" content=\"summary_large_image\" \/>\n<meta name=\"twitter:label1\" content=\"Est. reading time\" \/>\n\t<meta name=\"twitter:data1\" content=\"1 minute\" \/>\n<script type=\"application\/ld+json\" class=\"yoast-schema-graph\">{\"@context\":\"https:\/\/schema.org\",\"@graph\":[{\"@type\":\"WebPage\",\"@id\":\"https:\/\/www.anvil.com.tr\/en\/contact-us\/\",\"url\":\"https:\/\/www.anvil.com.tr\/en\/contact-us\/\",\"name\":\"Contact Us | ANVIL\",\"isPartOf\":{\"@id\":\"https:\/\/www.anvil.com.tr\/#website\"},\"datePublished\":\"2020-09-05T13:08:22+00:00\",\"dateModified\":\"2021-07-23T10:44:34+00:00\",\"description\":\"Anvil M\u00fchendislik, Paketleme makinesi, Dilimleme makinesi, Makine yedek par\u00e7a, Paketleme makine servisi, End\u00fcstriyel Terazi, Maske Makinesi\",\"breadcrumb\":{\"@id\":\"https:\/\/www.anvil.com.tr\/en\/contact-us\/#breadcrumb\"},\"inLanguage\":\"en-US\",\"potentialAction\":[{\"@type\":\"ReadAction\",\"target\":[\"https:\/\/www.anvil.com.tr\/en\/contact-us\/\"]}]},{\"@type\":\"BreadcrumbList\",\"@id\":\"https:\/\/www.anvil.com.tr\/en\/contact-us\/#breadcrumb\",\"itemListElement\":[{\"@type\":\"ListItem\",\"position\":1,\"name\":\"Ana sayfa\",\"item\":\"https:\/\/www.anvil.com.tr\/en\/\"},{\"@type\":\"ListItem\",\"position\":2,\"name\":\"Contact Us\"}]},{\"@type\":\"WebSite\",\"@id\":\"https:\/\/www.anvil.com.tr\/#website\",\"url\":\"https:\/\/www.anvil.com.tr\/\",\"name\":\"ANVIL\",\"description\":\"M\u00fchendislik &amp; Dan\u0131\u015fmanl\u0131k Limited \u015eirketi\",\"publisher\":{\"@id\":\"https:\/\/www.anvil.com.tr\/#organization\"},\"potentialAction\":[{\"@type\":\"SearchAction\",\"target\":{\"@type\":\"EntryPoint\",\"urlTemplate\":\"https:\/\/www.anvil.com.tr\/?s={search_term_string}\"},\"query-input\":\"required name=search_term_string\"}],\"inLanguage\":\"en-US\"},{\"@type\":\"Organization\",\"@id\":\"https:\/\/www.anvil.com.tr\/#organization\",\"name\":\"Teknik Pres Lazer Kesim San. ve Tic. Ltd. \u015eti.\",\"url\":\"https:\/\/www.anvil.com.tr\/\",\"logo\":{\"@type\":\"ImageObject\",\"inLanguage\":\"en-US\",\"@id\":\"https:\/\/www.anvil.com.tr\/#\/schema\/logo\/image\/\",\"url\":\"\",\"contentUrl\":\"\",\"caption\":\"Teknik Pres Lazer Kesim San. ve Tic. Ltd. \u015eti.\"},\"image\":{\"@id\":\"https:\/\/www.anvil.com.tr\/#\/schema\/logo\/image\/\"}}]}<\/script>\n<!-- \/ Yoast SEO plugin. -->","yoast_head_json":{"title":"Contact Us | ANVIL","description":"Anvil M\u00fchendislik, Paketleme makinesi, Dilimleme makinesi, Makine yedek par\u00e7a, Paketleme makine servisi, End\u00fcstriyel Terazi, Maske Makinesi","robots":{"index":"index","follow":"follow","max-snippet":"max-snippet:-1","max-image-preview":"max-image-preview:large","max-video-preview":"max-video-preview:-1"},"canonical":"https:\/\/www.anvil.com.tr\/en\/contact-us\/","og_locale":"en_US","og_type":"article","og_title":"Contact Us | ANVIL","og_description":"Anvil M\u00fchendislik, Paketleme makinesi, Dilimleme makinesi, Makine yedek par\u00e7a, Paketleme makine servisi, End\u00fcstriyel Terazi, Maske Makinesi","og_url":"https:\/\/www.anvil.com.tr\/en\/contact-us\/","og_site_name":"ANVIL","article_modified_time":"2021-07-23T10:44:34+00:00","twitter_card":"summary_large_image","twitter_misc":{"Est. reading time":"1 minute"},"schema":{"@context":"https:\/\/schema.org","@graph":[{"@type":"WebPage","@id":"https:\/\/www.anvil.com.tr\/en\/contact-us\/","url":"https:\/\/www.anvil.com.tr\/en\/contact-us\/","name":"Contact Us | ANVIL","isPartOf":{"@id":"https:\/\/www.anvil.com.tr\/#website"},"datePublished":"2020-09-05T13:08:22+00:00","dateModified":"2021-07-23T10:44:34+00:00","description":"Anvil M\u00fchendislik, Paketleme makinesi, Dilimleme makinesi, Makine yedek par\u00e7a, Paketleme makine servisi, End\u00fcstriyel Terazi, Maske Makinesi","breadcrumb":{"@id":"https:\/\/www.anvil.com.tr\/en\/contact-us\/#breadcrumb"},"inLanguage":"en-US","potentialAction":[{"@type":"ReadAction","target":["https:\/\/www.anvil.com.tr\/en\/contact-us\/"]}]},{"@type":"BreadcrumbList","@id":"https:\/\/www.anvil.com.tr\/en\/contact-us\/#breadcrumb","itemListElement":[{"@type":"ListItem","position":1,"name":"Ana sayfa","item":"https:\/\/www.anvil.com.tr\/en\/"},{"@type":"ListItem","position":2,"name":"Contact Us"}]},{"@type":"WebSite","@id":"https:\/\/www.anvil.com.tr\/#website","url":"https:\/\/www.anvil.com.tr\/","name":"ANVIL","description":"M\u00fchendislik &amp; Dan\u0131\u015fmanl\u0131k Limited \u015eirketi","publisher":{"@id":"https:\/\/www.anvil.com.tr\/#organization"},"potentialAction":[{"@type":"SearchAction","target":{"@type":"EntryPoint","urlTemplate":"https:\/\/www.anvil.com.tr\/?s={search_term_string}"},"query-input":"required name=search_term_string"}],"inLanguage":"en-US"},{"@type":"Organization","@id":"https:\/\/www.anvil.com.tr\/#organization","name":"Teknik Pres Lazer Kesim San. ve Tic. Ltd. \u015eti.","url":"https:\/\/www.anvil.com.tr\/","logo":{"@type":"ImageObject","inLanguage":"en-US","@id":"https:\/\/www.anvil.com.tr\/#\/schema\/logo\/image\/","url":"","contentUrl":"","caption":"Teknik Pres Lazer Kesim San. ve Tic. Ltd. \u015eti."},"image":{"@id":"https:\/\/www.anvil.com.tr\/#\/schema\/logo\/image\/"}}]}},"_links":{"self":[{"href":"https:\/\/www.anvil.com.tr\/en\/wp-json\/wp\/v2\/pages\/566"}],"collection":[{"href":"https:\/\/www.anvil.com.tr\/en\/wp-json\/wp\/v2\/pages"}],"about":[{"href":"https:\/\/www.anvil.com.tr\/en\/wp-json\/wp\/v2\/types\/page"}],"author":[{"embeddable":true,"href":"https:\/\/www.anvil.com.tr\/en\/wp-json\/wp\/v2\/users\/1"}],"replies":[{"embeddable":true,"href":"https:\/\/www.anvil.com.tr\/en\/wp-json\/wp\/v2\/comments?post=566"}],"version-history":[{"count":4,"href":"https:\/\/www.anvil.com.tr\/en\/wp-json\/wp\/v2\/pages\/566\/revisions"}],"predecessor-version":[{"id":640,"href":"https:\/\/www.anvil.com.tr\/en\/wp-json\/wp\/v2\/pages\/566\/revisions\/640"}],"wp:attachment":[{"href":"https:\/\/www.anvil.com.tr\/en\/wp-json\/wp\/v2\/media?parent=566"}],"curies":[{"name":"wp","href":"https:\/\/api.w.org\/{rel}","templated":true}]}}